{"id":12,"date":"2021-03-23T15:19:17","date_gmt":"2021-03-23T15:19:17","guid":{"rendered":"https:\/\/bjoernwirtz.com\/?page_id=12"},"modified":"2026-02-12T11:06:59","modified_gmt":"2026-02-12T10:06:59","slug":"bjoern-wirtz-kontakt","status":"publish","type":"page","link":"https:\/\/bjoernwirtz.com\/en\/bjoern-wirtz-kontakt\/","title":{"rendered":"CONTACT"},"content":{"rendered":"<div class=\"wp-block-media-text is-stacked-on-mobile\" style=\"grid-template-columns:26% auto\"><figure class=\"wp-block-media-text__media\"><img loading=\"lazy\" decoding=\"async\" width=\"300\" height=\"300\" src=\"https:\/\/bjoernwirtz.com\/wp-content\/uploads\/Bjoern-Wirtz_portrait-photo_lores_square-300x300.jpg\" alt=\"\" class=\"wp-image-3123 size-medium\" srcset=\"https:\/\/bjoernwirtz.com\/wp-content\/uploads\/Bjoern-Wirtz_portrait-photo_lores_square-300x300.jpg 300w, https:\/\/bjoernwirtz.com\/wp-content\/uploads\/Bjoern-Wirtz_portrait-photo_lores_square-150x150.jpg 150w, https:\/\/bjoernwirtz.com\/wp-content\/uploads\/Bjoern-Wirtz_portrait-photo_lores_square-12x12.jpg 12w, https:\/\/bjoernwirtz.com\/wp-content\/uploads\/Bjoern-Wirtz_portrait-photo_lores_square.jpg 500w\" sizes=\"auto, (max-width: 300px) 100vw, 300px\" \/><\/figure><div class=\"wp-block-media-text__content\">\n<p><\/p>\n\n\n\n<figure class=\"wp-block-pullquote\"><blockquote><p class=\"translation-block\"><strong>Get in Touch!<\/strong><br><br>\nDo you have a question, are you interested in my paintings, or would you like to learn more about me and my work?<br>\nFeel free to contact me using the form below \u2013 I will get back to you as soon as possible. I look forward to hearing from you!<br>\nIf you would like to stay informed about upcoming workshops, exhibitions, and new works, please join my <a href=\"https:\/\/bjoernwirtz.com\/en\/atelierpost\" target=\"_self\">Studio Letter<\/a>.<br>\nYou can also find me on <a href=\"https:\/\/www.instagram.com\/bjoernwirtzart\/\" target=\"_self\">Instagram<\/a> and <a href=\"https:\/\/www.facebook.com\/BjoernWirtzArt\" target=\"_self\">Facebook<\/a>.<br><br><\/p><\/blockquote><\/figure>\n<\/div><\/div>\n\n\n\n<div style=\"height:100px\" aria-hidden=\"true\" class=\"wp-block-spacer\"><\/div>\n\n\n\n<div class=\"wpcf7 no-js\" id=\"wpcf7-f230-o1\" lang=\"en-US\" dir=\"ltr\" data-wpcf7-id=\"230\">\n<div class=\"screen-reader-response\"><p role=\"status\" aria-live=\"polite\" aria-atomic=\"true\"><\/p> <ul><\/ul><\/div>\n<form action=\"\/en\/wp-json\/wp\/v2\/pages\/12#wpcf7-f230-o1\" method=\"post\" class=\"wpcf7-form init wpcf7-acceptance-as-validation\" aria-label=\"Contact form\" novalidate=\"novalidate\" data-status=\"init\" data-trp-original-action=\"\/en\/wp-json\/wp\/v2\/pages\/12#wpcf7-f230-o1\">\n<fieldset class=\"hidden-fields-container\"><input type=\"hidden\" name=\"_wpcf7\" value=\"230\" \/><input type=\"hidden\" name=\"_wpcf7_version\" value=\"6.1.4\" \/><input type=\"hidden\" name=\"_wpcf7_locale\" value=\"en_US\" \/><input type=\"hidden\" name=\"_wpcf7_unit_tag\" value=\"wpcf7-f230-o1\" \/><input type=\"hidden\" name=\"_wpcf7_container_post\" value=\"0\" \/><input type=\"hidden\" name=\"_wpcf7_posted_data_hash\" value=\"\" \/><input type=\"hidden\" name=\"_wpcf7_recaptcha_response\" value=\"\" \/>\n<\/fieldset>\n<p><label> NAME<br \/>\n<span class=\"wpcf7-form-control-wrap\" data-name=\"your-name\"><input size=\"40\" maxlength=\"400\" class=\"wpcf7-form-control wpcf7-text wpcf7-validates-as-required\" aria-required=\"true\" aria-invalid=\"false\" value=\"\" type=\"text\" name=\"your-name\" \/><\/span> <\/label>\n<\/p>\n<p><label> EMAIL<br \/>\n<span class=\"wpcf7-form-control-wrap\" data-name=\"your-email\"><input size=\"40\" maxlength=\"400\" class=\"wpcf7-form-control wpcf7-email wpcf7-validates-as-required wpcf7-text wpcf7-validates-as-email\" aria-required=\"true\" aria-invalid=\"false\" value=\"\" type=\"email\" name=\"your-email\" \/><\/span> <\/label>\n<\/p>\n<p><label> SUBJECT<br \/>\n<span class=\"wpcf7-form-control-wrap\" data-name=\"your-subject\"><input size=\"40\" maxlength=\"400\" class=\"wpcf7-form-control wpcf7-text wpcf7-validates-as-required\" aria-required=\"true\" aria-invalid=\"false\" value=\"\" type=\"text\" name=\"your-subject\" \/><\/span> <\/label>\n<\/p>\n<p><label> NEWS<br \/>\n<span class=\"wpcf7-form-control-wrap\" data-name=\"your-message\"><textarea cols=\"40\" rows=\"10\" maxlength=\"2000\" class=\"wpcf7-form-control wpcf7-textarea\" aria-invalid=\"false\" name=\"your-message\"><\/textarea><\/span> <\/label>\n<\/p>\n<p><!-- Mailchimp for WordPress v4.12.2 - https:\/\/www.mc4wp.com\/ --><input type=\"hidden\" name=\"_mc4wp_subscribe_contact-form-7\" value=\"0\" \/><span class=\"mc4wp-checkbox mc4wp-checkbox-contact-form-7\"><label><input type=\"checkbox\" name=\"_mc4wp_subscribe_contact-form-7\" value=\"1\" ><span> Ich m\u00f6chte die <a href=\"https:\/\/bjoernwirtz.com\/en\/studiomail\/\">Studio mail<\/a> erhalten.<\/span><\/label><\/span><!-- \/ Mailchimp for WordPress -->\n<\/p>\n<p><span class=\"wpcf7-form-control-wrap\" data-name=\"your-consent\"><span class=\"wpcf7-form-control wpcf7-acceptance\"><span class=\"wpcf7-list-item\"><label><input type=\"checkbox\" name=\"your-consent\" value=\"1\" aria-invalid=\"false\" \/><span class=\"wpcf7-list-item-label\">I have read the <a href=\"https:\/\/bjoernwirtz.com\/en\/datenschutzerklaerung\/\">Privacy policy<\/a> and agree with it.<\/span><\/label><\/span><\/span><\/span>\n<\/p>\n<p><span class=\"wpcf7-form-control-wrap\" data-name=\"your-consent\"><span class=\"wpcf7-form-control wpcf7-acceptance\"><span class=\"wpcf7-list-item\"><label><input type=\"checkbox\" name=\"your-consent\" value=\"1\" aria-invalid=\"false\" \/><span class=\"wpcf7-list-item-label\">I have read the data protection conditions and agree to them.<\/span><\/label><\/span><\/span><\/span>\n<\/p>\n<p><input class=\"wpcf7-form-control wpcf7-submit has-spinner\" type=\"submit\" value=\"SEND OFF\" \/>\n<\/p><input\n                    class=\"apbct_special_field apbct_email_id__wp_contact_form_7\"\n                    name=\"apbct__email_id__wp_contact_form_7\"\n                    aria-label=\"apbct__label_id__wp_contact_form_7\"\n                    type=\"text\" size=\"30\" maxlength=\"200\" autocomplete=\"off\"\n                    value=\"\"\n                \/><div class=\"wpcf7-response-output\" aria-hidden=\"true\"><\/div>\n<input type=\"hidden\" name=\"trp-form-language\" value=\"en\"\/><\/form>\n<\/div>","protected":false},"excerpt":{"rendered":"<p>Treten Sie in Kontakt! Haben Sie eine Frage, interessieren Sie sich f\u00fcr meine Bilder oder m\u00f6chten mehr \u00fcber mich und meine Arbeit erfahren?Kontaktieren Sie mich&hellip;<\/p>","protected":false},"author":1,"featured_media":0,"parent":0,"menu_order":0,"comment_status":"closed","ping_status":"closed","template":"","meta":{"footnotes":""},"class_list":["post-12","page","type-page","status-publish","hentry"],"yoast_head":"<!-- This site is optimized with the Yoast SEO plugin v27.4 - https:\/\/yoast.com\/product\/yoast-seo-wordpress\/ -->\n<title>Bj\u00f6rn Wirtz \u2013 Kontakt<\/title>\n<meta name=\"description\" content=\"Kontaktieren Sie mich bei Fragen zu Gem\u00e4lden, Auftragsarbeiten oder Ausstellungen \u2013 ich freue mich, von Ihnen zu h\u00f6ren!\" \/>\n<meta name=\"robots\" content=\"index, follow, max-snippet:-1, max-image-preview:large, max-video-preview:-1\" \/>\n<link rel=\"canonical\" href=\"https:\/\/bjoernwirtz.com\/en\/bjoern-wirtz-kontakt\/\" \/>\n<meta property=\"og:locale\" content=\"en_US\" \/>\n<meta property=\"og:type\" content=\"article\" \/>\n<meta property=\"og:title\" content=\"Bj\u00f6rn Wirtz \u2013 Kontakt\" \/>\n<meta property=\"og:description\" content=\"Kontaktieren Sie mich bei Fragen zu Gem\u00e4lden, Auftragsarbeiten oder Ausstellungen \u2013 ich freue mich, von Ihnen zu h\u00f6ren!\" \/>\n<meta property=\"og:url\" content=\"https:\/\/bjoernwirtz.com\/en\/bjoern-wirtz-kontakt\/\" \/>\n<meta property=\"og:site_name\" content=\"Bj\u00f6rn Wirtz Fine Art\" \/>\n<meta property=\"article:publisher\" content=\"https:\/\/www.facebook.com\/BjoernWirtzArt\" \/>\n<meta property=\"article:modified_time\" content=\"2026-02-12T10:06:59+00:00\" \/>\n<meta property=\"og:image\" content=\"https:\/\/bjoernwirtz.com\/wp-content\/uploads\/Bjoern-Wirtz_portrait-photo_lores_square.jpg\" \/>\n\t<meta property=\"og:image:width\" content=\"500\" \/>\n\t<meta property=\"og:image:height\" content=\"500\" \/>\n\t<meta property=\"og:image:type\" content=\"image\/jpeg\" \/>\n<meta name=\"twitter:card\" content=\"summary_large_image\" \/>\n<meta name=\"twitter:label1\" content=\"Est. reading time\" \/>\n\t<meta name=\"twitter:data1\" content=\"1 minute\" \/>\n<script type=\"application\/ld+json\" class=\"yoast-schema-graph\">{\"@context\":\"https:\\\/\\\/schema.org\",\"@graph\":[{\"@type\":[\"WebPage\",\"ContactPage\"],\"@id\":\"https:\\\/\\\/bjoernwirtz.com\\\/bjoern-wirtz-kontakt\\\/\",\"url\":\"https:\\\/\\\/bjoernwirtz.com\\\/bjoern-wirtz-kontakt\\\/\",\"name\":\"Bj\u00f6rn Wirtz \u2013 Kontakt\",\"isPartOf\":{\"@id\":\"https:\\\/\\\/bjoernwirtz.com\\\/#website\"},\"primaryImageOfPage\":{\"@id\":\"https:\\\/\\\/bjoernwirtz.com\\\/bjoern-wirtz-kontakt\\\/#primaryimage\"},\"image\":{\"@id\":\"https:\\\/\\\/bjoernwirtz.com\\\/bjoern-wirtz-kontakt\\\/#primaryimage\"},\"thumbnailUrl\":\"https:\\\/\\\/bjoernwirtz.com\\\/wp-content\\\/uploads\\\/Bjoern-Wirtz_portrait-photo_lores_square-300x300.jpg\",\"datePublished\":\"2021-03-23T15:19:17+00:00\",\"dateModified\":\"2026-02-12T10:06:59+00:00\",\"description\":\"Kontaktieren Sie mich bei Fragen zu Gem\u00e4lden, Auftragsarbeiten oder Ausstellungen \u2013 ich freue mich, von Ihnen zu h\u00f6ren!\",\"breadcrumb\":{\"@id\":\"https:\\\/\\\/bjoernwirtz.com\\\/bjoern-wirtz-kontakt\\\/#breadcrumb\"},\"inLanguage\":\"en-US\",\"potentialAction\":[{\"@type\":\"ReadAction\",\"target\":[\"https:\\\/\\\/bjoernwirtz.com\\\/bjoern-wirtz-kontakt\\\/\"]}]},{\"@type\":\"ImageObject\",\"inLanguage\":\"en-US\",\"@id\":\"https:\\\/\\\/bjoernwirtz.com\\\/bjoern-wirtz-kontakt\\\/#primaryimage\",\"url\":\"https:\\\/\\\/bjoernwirtz.com\\\/wp-content\\\/uploads\\\/Bjoern-Wirtz_portrait-photo_lores_square-300x300.jpg\",\"contentUrl\":\"https:\\\/\\\/bjoernwirtz.com\\\/wp-content\\\/uploads\\\/Bjoern-Wirtz_portrait-photo_lores_square-300x300.jpg\"},{\"@type\":\"BreadcrumbList\",\"@id\":\"https:\\\/\\\/bjoernwirtz.com\\\/bjoern-wirtz-kontakt\\\/#breadcrumb\",\"itemListElement\":[{\"@type\":\"ListItem\",\"position\":1,\"name\":\"Home\",\"item\":\"https:\\\/\\\/bjoernwirtz.com\\\/\"},{\"@type\":\"ListItem\",\"position\":2,\"name\":\"KONTAKT\"}]},{\"@type\":\"WebSite\",\"@id\":\"https:\\\/\\\/bjoernwirtz.com\\\/#website\",\"url\":\"https:\\\/\\\/bjoernwirtz.com\\\/\",\"name\":\"Bj\u00f6rn Wirtz Fine Art\",\"description\":\"Representational Paintings \\\/ Plein Air, Landscape, Still Life\",\"publisher\":{\"@id\":\"https:\\\/\\\/bjoernwirtz.com\\\/#organization\"},\"potentialAction\":[{\"@type\":\"SearchAction\",\"target\":{\"@type\":\"EntryPoint\",\"urlTemplate\":\"https:\\\/\\\/bjoernwirtz.com\\\/?s={search_term_string}\"},\"query-input\":{\"@type\":\"PropertyValueSpecification\",\"valueRequired\":true,\"valueName\":\"search_term_string\"}}],\"inLanguage\":\"en-US\"},{\"@type\":\"Organization\",\"@id\":\"https:\\\/\\\/bjoernwirtz.com\\\/#organization\",\"name\":\"Bj\u00f6rn Wirtz\",\"url\":\"https:\\\/\\\/bjoernwirtz.com\\\/\",\"logo\":{\"@type\":\"ImageObject\",\"inLanguage\":\"en-US\",\"@id\":\"https:\\\/\\\/bjoernwirtz.com\\\/#\\\/schema\\\/logo\\\/image\\\/\",\"url\":\"https:\\\/\\\/bjoernwirtz.com\\\/wp-content\\\/uploads\\\/2021\\\/03\\\/Wirtz_Logo_03.png\",\"contentUrl\":\"https:\\\/\\\/bjoernwirtz.com\\\/wp-content\\\/uploads\\\/2021\\\/03\\\/Wirtz_Logo_03.png\",\"width\":600,\"height\":176,\"caption\":\"Bj\u00f6rn Wirtz\"},\"image\":{\"@id\":\"https:\\\/\\\/bjoernwirtz.com\\\/#\\\/schema\\\/logo\\\/image\\\/\"},\"sameAs\":[\"https:\\\/\\\/www.facebook.com\\\/BjoernWirtzArt\",\"https:\\\/\\\/www.instagram.com\\\/bjoernwirtzart\\\/\"]}]}<\/script>\n<!-- \/ Yoast SEO plugin. -->","yoast_head_json":{"title":"Bj\u00f6rn Wirtz - Contact","description":"Contact me if you have any questions about paintings, commissions or exhibitions - I look forward to hearing from you!","robots":{"index":"index","follow":"follow","max-snippet":"max-snippet:-1","max-image-preview":"max-image-preview:large","max-video-preview":"max-video-preview:-1"},"canonical":"https:\/\/bjoernwirtz.com\/en\/bjoern-wirtz-kontakt\/","og_locale":"en_US","og_type":"article","og_title":"Bj\u00f6rn Wirtz \u2013 Kontakt","og_description":"Kontaktieren Sie mich bei Fragen zu Gem\u00e4lden, Auftragsarbeiten oder Ausstellungen \u2013 ich freue mich, von Ihnen zu h\u00f6ren!","og_url":"https:\/\/bjoernwirtz.com\/en\/bjoern-wirtz-kontakt\/","og_site_name":"Bj\u00f6rn Wirtz Fine Art","article_publisher":"https:\/\/www.facebook.com\/BjoernWirtzArt","article_modified_time":"2026-02-12T10:06:59+00:00","og_image":[{"width":500,"height":500,"url":"https:\/\/bjoernwirtz.com\/wp-content\/uploads\/Bjoern-Wirtz_portrait-photo_lores_square.jpg","type":"image\/jpeg"}],"twitter_card":"summary_large_image","twitter_misc":{"Est. reading time":"1 minute"},"schema":{"@context":"https:\/\/schema.org","@graph":[{"@type":["WebPage","ContactPage"],"@id":"https:\/\/bjoernwirtz.com\/bjoern-wirtz-kontakt\/","url":"https:\/\/bjoernwirtz.com\/bjoern-wirtz-kontakt\/","name":"Bj\u00f6rn Wirtz - Contact","isPartOf":{"@id":"https:\/\/bjoernwirtz.com\/#website"},"primaryImageOfPage":{"@id":"https:\/\/bjoernwirtz.com\/bjoern-wirtz-kontakt\/#primaryimage"},"image":{"@id":"https:\/\/bjoernwirtz.com\/bjoern-wirtz-kontakt\/#primaryimage"},"thumbnailUrl":"https:\/\/bjoernwirtz.com\/wp-content\/uploads\/Bjoern-Wirtz_portrait-photo_lores_square-300x300.jpg","datePublished":"2021-03-23T15:19:17+00:00","dateModified":"2026-02-12T10:06:59+00:00","description":"Contact me if you have any questions about paintings, commissions or exhibitions - I look forward to hearing from you!","breadcrumb":{"@id":"https:\/\/bjoernwirtz.com\/bjoern-wirtz-kontakt\/#breadcrumb"},"inLanguage":"en-US","potentialAction":[{"@type":"ReadAction","target":["https:\/\/bjoernwirtz.com\/bjoern-wirtz-kontakt\/"]}]},{"@type":"ImageObject","inLanguage":"en-US","@id":"https:\/\/bjoernwirtz.com\/bjoern-wirtz-kontakt\/#primaryimage","url":"https:\/\/bjoernwirtz.com\/wp-content\/uploads\/Bjoern-Wirtz_portrait-photo_lores_square-300x300.jpg","contentUrl":"https:\/\/bjoernwirtz.com\/wp-content\/uploads\/Bjoern-Wirtz_portrait-photo_lores_square-300x300.jpg"},{"@type":"BreadcrumbList","@id":"https:\/\/bjoernwirtz.com\/bjoern-wirtz-kontakt\/#breadcrumb","itemListElement":[{"@type":"ListItem","position":1,"name":"Home","item":"https:\/\/bjoernwirtz.com\/"},{"@type":"ListItem","position":2,"name":"KONTAKT"}]},{"@type":"WebSite","@id":"https:\/\/bjoernwirtz.com\/#website","url":"https:\/\/bjoernwirtz.com\/","name":"Bj\u00f6rn Wirtz Fine Art","description":"Representational Paintings \/ Plein Air, Landscape, Still Life","publisher":{"@id":"https:\/\/bjoernwirtz.com\/#organization"},"potentialAction":[{"@type":"SearchAction","target":{"@type":"EntryPoint","urlTemplate":"https:\/\/bjoernwirtz.com\/?s={search_term_string}"},"query-input":{"@type":"PropertyValueSpecification","valueRequired":true,"valueName":"search_term_string"}}],"inLanguage":"en-US"},{"@type":"Organization","@id":"https:\/\/bjoernwirtz.com\/#organization","name":"Bj\u00f6rn Wirtz","url":"https:\/\/bjoernwirtz.com\/","logo":{"@type":"ImageObject","inLanguage":"en-US","@id":"https:\/\/bjoernwirtz.com\/#\/schema\/logo\/image\/","url":"https:\/\/bjoernwirtz.com\/wp-content\/uploads\/2021\/03\/Wirtz_Logo_03.png","contentUrl":"https:\/\/bjoernwirtz.com\/wp-content\/uploads\/2021\/03\/Wirtz_Logo_03.png","width":600,"height":176,"caption":"Bj\u00f6rn Wirtz"},"image":{"@id":"https:\/\/bjoernwirtz.com\/#\/schema\/logo\/image\/"},"sameAs":["https:\/\/www.facebook.com\/BjoernWirtzArt","https:\/\/www.instagram.com\/bjoernwirtzart\/"]}]}},"_links":{"self":[{"href":"https:\/\/bjoernwirtz.com\/en\/wp-json\/wp\/v2\/pages\/12","targetHints":{"allow":["GET"]}}],"collection":[{"href":"https:\/\/bjoernwirtz.com\/en\/wp-json\/wp\/v2\/pages"}],"about":[{"href":"https:\/\/bjoernwirtz.com\/en\/wp-json\/wp\/v2\/types\/page"}],"author":[{"embeddable":true,"href":"https:\/\/bjoernwirtz.com\/en\/wp-json\/wp\/v2\/users\/1"}],"replies":[{"embeddable":true,"href":"https:\/\/bjoernwirtz.com\/en\/wp-json\/wp\/v2\/comments?post=12"}],"version-history":[{"count":37,"href":"https:\/\/bjoernwirtz.com\/en\/wp-json\/wp\/v2\/pages\/12\/revisions"}],"predecessor-version":[{"id":3666,"href":"https:\/\/bjoernwirtz.com\/en\/wp-json\/wp\/v2\/pages\/12\/revisions\/3666"}],"wp:attachment":[{"href":"https:\/\/bjoernwirtz.com\/en\/wp-json\/wp\/v2\/media?parent=12"}],"curies":[{"name":"wp","href":"https:\/\/api.w.org\/{rel}","templated":true}]}}