{"id":17,"date":"2021-03-23T15:26:11","date_gmt":"2021-03-23T15:26:11","guid":{"rendered":"https:\/\/bjoernwirtz.com\/?page_id=17"},"modified":"2025-07-08T19:40:44","modified_gmt":"2025-07-08T17:40:44","slug":"bjoern-wirtz-ueber-mich","status":"publish","type":"page","link":"https:\/\/bjoernwirtz.com\/en\/bjoern-wirtz-ueber-mich\/","title":{"rendered":"Bj\u00f6rn Wirtz - About me"},"content":{"rendered":"<div style=\"height:53px\" aria-hidden=\"true\" class=\"wp-block-spacer\"><\/div>\n\n\n\n<div class=\"wp-block-columns is-layout-flex wp-container-core-columns-is-layout-9d6595d7 wp-block-columns-is-layout-flex\">\n<div class=\"wp-block-column is-layout-flow wp-block-column-is-layout-flow\">\n<h3 class=\"wp-block-heading has-text-align-center\">BIOGRAPHY<\/h3>\n\n\n\n<p>Bj\u00f6rn Wirtz (b. 1979) is a German painter known for his atmospheric oil paintings that capture the essence and mood of the places he explores. Many of his works are created en plein air, painted directly in front of the subject \u2013 whether in the landscapes of Franconia, on Mallorca, or in Brittany \u2013 reflecting his deep connection with nature.<\/p>\n\n\n\n<p>After receiving his degree in Visual Communication from the University of Applied Sciences in Krefeld in 2005, he worked as a freelance illustrator in the publishing industry. In 2007, he moved to Volkach, Bavaria, where he contributed as an artist and art director to various projects in the game and film industry.<\/p>\n\n\n\n<p>Since 2013, he has dedicated himself fully to traditional painting. Starting with watercolor, he soon shifted his focus to oil on canvas. His work has received several awards, including recognition by the prestigious Art Renewal Center Salon (USA). In 2024, he became a member of the artist group <a href=\"https:\/\/www.norddeutscherealisten.de\/\">Norddeutschen Realisten<\/a>.<\/p>\n\n\n\n<p>Wirtz's landscape paintings and still lifes are held in private collections across Europe, North and South America. Many of his original works are available for purchase.<\/p>\n<\/div>\n\n\n\n<div class=\"wp-block-column is-layout-flow wp-block-column-is-layout-flow\">\n<h3 class=\"wp-block-heading has-text-align-center\">STATEMENT<\/h3>\n\n\n<div class=\"wp-block-image\">\n<figure class=\"aligncenter size-full is-resized\"><img loading=\"lazy\" decoding=\"async\" width=\"500\" height=\"500\" src=\"https:\/\/bjoernwirtz.com\/wp-content\/uploads\/Bjoern-Wirtz_portrait-photo_lores_square.jpg\" alt=\"\" class=\"wp-image-3123\" style=\"width:290px;height:auto\" srcset=\"https:\/\/bjoernwirtz.com\/wp-content\/uploads\/Bjoern-Wirtz_portrait-photo_lores_square.jpg 500w, https:\/\/bjoernwirtz.com\/wp-content\/uploads\/Bjoern-Wirtz_portrait-photo_lores_square-300x300.jpg 300w, https:\/\/bjoernwirtz.com\/wp-content\/uploads\/Bjoern-Wirtz_portrait-photo_lores_square-150x150.jpg 150w, https:\/\/bjoernwirtz.com\/wp-content\/uploads\/Bjoern-Wirtz_portrait-photo_lores_square-12x12.jpg 12w\" sizes=\"auto, (max-width: 500px) 100vw, 500px\" \/><\/figure>\n<\/div>\n\n\n<blockquote class=\"wp-block-quote is-layout-flow wp-block-quote-is-layout-flow\">\n<p><br>\"I prefer to create my works in direct exchange with the subject. I want my enthusiasm for, and intensive engagement with, the visible to become tangible in my paintings. The motif is just a starting point, a spark that moves me to paint. By editing and simplifying, I want to create something that goes beyond what I see and ultimately reflects my feelings.\"<\/p>\n<\/blockquote>\n<\/div>\n<\/div>\n\n\n\n<p><\/p>\n\n\n\n<div style=\"height:100px\" aria-hidden=\"true\" class=\"wp-block-spacer\"><\/div>\n\n\n\n<h3 class=\"wp-block-heading\">SELECTED AWARDS<\/h3>\n\n\n\n<p><a href=\"https:\/\/kunsthaus-michel.de\/art-to-go-2\/\" target=\"_blank\" rel=\"noreferrer noopener\">art.to.go<\/a> - 2nd place, April 2021<\/p>\n\n\n\n<p><a href=\"https:\/\/faso.com\/boldbrush\/winner\/216842\" target=\"_blank\" rel=\"noreferrer noopener\">Boldbrush<\/a> - Honorable Mention, July 2020<\/p>\n\n\n\n<p>14t. ARC Salon Competition - Finalist in the <a href=\"https:\/\/www.artrenewal.org\/14thARCSalon\/Artwork\/ByCategory\/31773#content\" target=\"_blank\" rel=\"noreferrer noopener\">Plein Air<\/a> + <a href=\"https:\/\/www.artrenewal.org\/14thARCSalon\/Artwork\/ByCategory\/31780#content\" target=\"_blank\" rel=\"noreferrer noopener\">Landscape<\/a> Categories, 2020<\/p>\n\n\n\n<p><a href=\"https:\/\/artmusecontest.wordpress.com\/\" target=\"_blank\" rel=\"noreferrer noopener\">Art Muse Contest&nbsp;<\/a> - Emerging Artist Winner, April 2019<\/p>\n\n\n\n<p>Art Muse Contest - Emerging Artist Finalist, March 2019<\/p>\n\n\n\n<p>Art Muse Contest - Emerging Artist Finalist, June 2018<\/p>\n\n\n\n<p>Art Muse Contest - Emerging Artist Finalist, May 2018<\/p>\n\n\n\n<p><a href=\"https:\/\/www.artrenewal.org\/13thARCSalon\/Artwork\/ByCategory\/26530#content\" target=\"_blank\" rel=\"noreferrer noopener\">13th ARC Salon Competition<\/a> - Finalist Plein Air, 2019<\/p>\n\n\n\n<p>California Plein Air Painters International Salon - Award of Merit, 2016<\/p>\n\n\n\n<p><a href=\"https:\/\/faso.com\/boldbrush\/winner\/90512\" target=\"_blank\" rel=\"noreferrer noopener\">Boldbrush<\/a> Outstanding Watercolor Award, July 2015<\/p>\n\n\n\n<p>Winner Watercolor Meeting, W\u00fcrzburg, 2014<\/p>\n\n\n\n<div style=\"height:100px\" aria-hidden=\"true\" class=\"wp-block-spacer\"><\/div>\n\n\n\n<h3 class=\"wp-block-heading\">SELECTED EXHIBITIONS<\/h3>\n\n\n\n<p><strong>2025<\/strong><\/p>\n\n\n\n<p>Kunstschaffen (G) - Robbe &amp; Berking Museum , Flensburg - <a href=\"https:\/\/classic-yachts.com\/robbeberking-museum-flensburg-kunstschaffen-2025\/\">Learn more<\/a><\/p>\n\n\n\n<p>\"Being &amp; Appearance\" (S) - Kunsthaus Michel, W\u00fcrzburg<\/p>\n\n\n\n<p>\"Unabsehbar\" (S) - Gallery Haspelstra\u00dfe Eins, Marburg<\/p>\n\n\n\n<p><strong>2024<\/strong><\/p>\n\n\n\n<p>\"From near and far\" (2P) - Galerie im Elys\u00e9e, Hamburg<\/p>\n\n\n\n<p>\"Winter Exhibition 2024\" (G) - Felix Jud, Hamburg - <a href=\"https:\/\/felixjud.com\/exhibitions\/winter-2bb90115\/\">Learn more<\/a><\/p>\n\n\n\n<p>\"The small format\" (G) - VKU, W\u00fcrzburg<\/p>\n\n\n\n<p>\"Moments\" (G) - Kunsthandlung Messerschmidt, Flensburg<\/p>\n\n\n\n<p>\"North German realists as guests on Mallorca\" (G) - Galerie Halbach, Celle - <a href=\"https:\/\/www.galerie-halbach.de\/ausstellungen\/norddeutsche-realisten-zu-gast-auf-mallorca\/\">Learn more<\/a><\/p>\n\n\n\n<p>\"Land of Legends\" (G) \/ The North German Realists in Brittany - K\u00fcnstlermuseum Heikendorf - <a href=\"https:\/\/kuenstlermuseumheikendorf.de\/aktuell_Norddt_Realisten_Bretagne.htm\">Learn more<\/a><\/p>\n\n\n\n<p>\"Of blossoms and breezes\" (S) - Galerie Elf, Itzehoe - <a href=\"https:\/\/galerie11.de\/2024-03-von-blueten-und-brisen\/\">Learn more<\/a><\/p>\n\n\n\n<p>\"Matter of opinion\" (S) - Volkach - <a href=\"https:\/\/bjoernwirtz.com\/en\/bjorn-wirtz-ansichtssache\/\">Learn more<\/a><\/p>\n\n\n\n<p><strong>2023<\/strong><\/p>\n\n\n\n<p>\"Ice Age\" - VKU, W\u00fcrzburg<\/p>\n\n\n\n<p>\"In Dialog\" (S) - Gallery G\u00f6ldner, Bordesholm - <a href=\"https:\/\/bjoernwirtz.com\/en\/solo-exhibition-bjorn-wirtz-galerie-goldner\/\">Learn more<\/a><\/p>\n\n\n\n<p>\"The new ones\" - VKU, W\u00fcrzburg - <a href=\"https:\/\/bjoernwirtz.com\/en\/group-exhibition-die-neuen-in-wurzburg\/\">Learn more<\/a><\/p>\n\n\n\n<p><strong>2021<\/strong><\/p>\n\n\n\n<p>\"Insights\" (S) - Kunsthaus Michel, W\u00fcrzburg - <a href=\"https:\/\/bjoernwirtz.com\/en\/insights-bjorn-wirtz-upcoming-exhibition\/\">Learn more<\/a><\/p>\n\n\n\n<p><strong>2020<\/strong><\/p>\n\n\n\n<p>\"Picturesque Main Loop\" (S) - Volkach - <a href=\"https:\/\/bjoernwirtz.com\/en\/malerische-mainschleife-exhibition\/\">Learn more<\/a><\/p>\n\n\n\n<p><strong>2016<\/strong><\/p>\n\n\n\n<p>California Plein Air Painters International Salon, Monterey, USA<\/p>\n\n\n\n<p><strong>2015<\/strong><\/p>\n\n\n\n<p>Bj\u00f6rn Wirtz (S) - WCC, Berlin<\/p>\n\n\n\n<div style=\"height:61px\" aria-hidden=\"true\" class=\"wp-block-spacer\"><\/div>\n\n\n\n<p>Legend: (S): Solo exhibition, (G): Group exhibition, (2P): Two-person exhibition<\/p>\n\n\n\n<div style=\"height:100px\" aria-hidden=\"true\" class=\"wp-block-spacer\"><\/div>\n\n\n\n<h3 class=\"wp-block-heading\">SELECTED PUBLICATIONS<\/h3>\n\n\n\n<p>Demonstration Article - <a href=\"https:\/\/www.internationalartist.com\/\">International Artist Magazine<\/a> \/ April\/May 2025<\/p>\n\n\n\n<p>Picture This Feature - <a href=\"https:\/\/www.artistsandillustrators.co.uk\/\">Artists &amp; Illustrators Magazine<\/a> \/ March 2025<\/p>\n\n\n\n<p>Artist profile - <a href=\"https:\/\/thesaartist.co.za\/index.php\/product\/the-sa-artist-magazine-current-issue-49-digital-copy\/\" target=\"_blank\" rel=\"noreferrer noopener\">South African Artist Magazine<\/a> \/ Issue 49, 2020<\/p>","protected":false},"excerpt":{"rendered":"<p>BIOGRAPHIE Bj\u00f6rn Wirtz ist ein deutscher K\u00fcnstler, der f\u00fcr seine stimmungsvollen \u00d6lgem\u00e4lde bekannt ist, die die Atmosph\u00e4re realer Orte einfangen. Seine Arbeiten entstehen oft Plein&hellip;<\/p>","protected":false},"author":1,"featured_media":0,"parent":0,"menu_order":0,"comment_status":"closed","ping_status":"closed","template":"","meta":{"footnotes":""},"class_list":["post-17","page","type-page","status-publish","hentry"],"yoast_head":"<!-- This site is optimized with the Yoast SEO plugin v27.4 - https:\/\/yoast.com\/product\/yoast-seo-wordpress\/ -->\n<title>Bj\u00f6rn Wirtz \u2013 K\u00fcnstlerisches Profil und Biografie<\/title>\n<meta name=\"description\" content=\"Bj\u00f6rn Wirtz, Maler aus mit Leidenschaft f\u00fcr das Sichtbare und die Begegnung mit dem Motiv. Erfahren Sie mehr \u00fcber seinen k\u00fcnstlerischen Weg.\" \/>\n<meta name=\"robots\" content=\"index, follow, max-snippet:-1, max-image-preview:large, max-video-preview:-1\" \/>\n<link rel=\"canonical\" href=\"https:\/\/bjoernwirtz.com\/en\/bjoern-wirtz-ueber-mich\/\" \/>\n<meta property=\"og:locale\" content=\"en_US\" \/>\n<meta property=\"og:type\" content=\"article\" \/>\n<meta property=\"og:title\" content=\"Bj\u00f6rn Wirtz \u2013 K\u00fcnstlerisches Profil und Biografie\" \/>\n<meta property=\"og:description\" content=\"Bj\u00f6rn Wirtz, Maler aus mit Leidenschaft f\u00fcr das Sichtbare und die Begegnung mit dem Motiv. Erfahren Sie mehr \u00fcber seinen k\u00fcnstlerischen Weg.\" \/>\n<meta property=\"og:url\" content=\"https:\/\/bjoernwirtz.com\/en\/bjoern-wirtz-ueber-mich\/\" \/>\n<meta property=\"og:site_name\" content=\"Bj\u00f6rn Wirtz Fine Art\" \/>\n<meta property=\"article:publisher\" content=\"https:\/\/www.facebook.com\/BjoernWirtzArt\" \/>\n<meta property=\"article:modified_time\" content=\"2025-07-08T17:40:44+00:00\" \/>\n<meta property=\"og:image\" content=\"https:\/\/bjoernwirtz.com\/wp-content\/uploads\/Bjoern-Wirtz_portrait-photo_lores_square.jpg\" \/>\n\t<meta property=\"og:image:width\" content=\"500\" \/>\n\t<meta property=\"og:image:height\" content=\"500\" \/>\n\t<meta property=\"og:image:type\" content=\"image\/jpeg\" \/>\n<meta name=\"twitter:card\" content=\"summary_large_image\" \/>\n<meta name=\"twitter:label1\" content=\"Est. reading time\" \/>\n\t<meta name=\"twitter:data1\" content=\"3 minutes\" \/>\n<script type=\"application\/ld+json\" class=\"yoast-schema-graph\">{\"@context\":\"https:\\\/\\\/schema.org\",\"@graph\":[{\"@type\":[\"WebPage\",\"AboutPage\"],\"@id\":\"https:\\\/\\\/bjoernwirtz.com\\\/bjoern-wirtz-ueber-mich\\\/\",\"url\":\"https:\\\/\\\/bjoernwirtz.com\\\/bjoern-wirtz-ueber-mich\\\/\",\"name\":\"Bj\u00f6rn Wirtz \u2013 K\u00fcnstlerisches Profil und Biografie\",\"isPartOf\":{\"@id\":\"https:\\\/\\\/bjoernwirtz.com\\\/#website\"},\"primaryImageOfPage\":{\"@id\":\"https:\\\/\\\/bjoernwirtz.com\\\/bjoern-wirtz-ueber-mich\\\/#primaryimage\"},\"image\":{\"@id\":\"https:\\\/\\\/bjoernwirtz.com\\\/bjoern-wirtz-ueber-mich\\\/#primaryimage\"},\"thumbnailUrl\":\"https:\\\/\\\/bjoernwirtz.com\\\/wp-content\\\/uploads\\\/Bjoern-Wirtz_portrait-photo_lores_square.jpg\",\"datePublished\":\"2021-03-23T15:26:11+00:00\",\"dateModified\":\"2025-07-08T17:40:44+00:00\",\"description\":\"Bj\u00f6rn Wirtz, Maler aus mit Leidenschaft f\u00fcr das Sichtbare und die Begegnung mit dem Motiv. Erfahren Sie mehr \u00fcber seinen k\u00fcnstlerischen Weg.\",\"breadcrumb\":{\"@id\":\"https:\\\/\\\/bjoernwirtz.com\\\/bjoern-wirtz-ueber-mich\\\/#breadcrumb\"},\"inLanguage\":\"en-US\",\"potentialAction\":[{\"@type\":\"ReadAction\",\"target\":[\"https:\\\/\\\/bjoernwirtz.com\\\/bjoern-wirtz-ueber-mich\\\/\"]}]},{\"@type\":\"ImageObject\",\"inLanguage\":\"en-US\",\"@id\":\"https:\\\/\\\/bjoernwirtz.com\\\/bjoern-wirtz-ueber-mich\\\/#primaryimage\",\"url\":\"https:\\\/\\\/bjoernwirtz.com\\\/wp-content\\\/uploads\\\/Bjoern-Wirtz_portrait-photo_lores_square.jpg\",\"contentUrl\":\"https:\\\/\\\/bjoernwirtz.com\\\/wp-content\\\/uploads\\\/Bjoern-Wirtz_portrait-photo_lores_square.jpg\"},{\"@type\":\"BreadcrumbList\",\"@id\":\"https:\\\/\\\/bjoernwirtz.com\\\/bjoern-wirtz-ueber-mich\\\/#breadcrumb\",\"itemListElement\":[{\"@type\":\"ListItem\",\"position\":1,\"name\":\"Home\",\"item\":\"https:\\\/\\\/bjoernwirtz.com\\\/\"},{\"@type\":\"ListItem\",\"position\":2,\"name\":\"Bj\u00f6rn Wirtz \u2013 \u00dcber mich\"}]},{\"@type\":\"WebSite\",\"@id\":\"https:\\\/\\\/bjoernwirtz.com\\\/#website\",\"url\":\"https:\\\/\\\/bjoernwirtz.com\\\/\",\"name\":\"Bj\u00f6rn Wirtz Fine Art\",\"description\":\"Representational Paintings \\\/ Plein Air, Landscape, Still Life\",\"publisher\":{\"@id\":\"https:\\\/\\\/bjoernwirtz.com\\\/#organization\"},\"potentialAction\":[{\"@type\":\"SearchAction\",\"target\":{\"@type\":\"EntryPoint\",\"urlTemplate\":\"https:\\\/\\\/bjoernwirtz.com\\\/?s={search_term_string}\"},\"query-input\":{\"@type\":\"PropertyValueSpecification\",\"valueRequired\":true,\"valueName\":\"search_term_string\"}}],\"inLanguage\":\"en-US\"},{\"@type\":\"Organization\",\"@id\":\"https:\\\/\\\/bjoernwirtz.com\\\/#organization\",\"name\":\"Bj\u00f6rn Wirtz\",\"url\":\"https:\\\/\\\/bjoernwirtz.com\\\/\",\"logo\":{\"@type\":\"ImageObject\",\"inLanguage\":\"en-US\",\"@id\":\"https:\\\/\\\/bjoernwirtz.com\\\/#\\\/schema\\\/logo\\\/image\\\/\",\"url\":\"https:\\\/\\\/bjoernwirtz.com\\\/wp-content\\\/uploads\\\/2021\\\/03\\\/Wirtz_Logo_03.png\",\"contentUrl\":\"https:\\\/\\\/bjoernwirtz.com\\\/wp-content\\\/uploads\\\/2021\\\/03\\\/Wirtz_Logo_03.png\",\"width\":600,\"height\":176,\"caption\":\"Bj\u00f6rn Wirtz\"},\"image\":{\"@id\":\"https:\\\/\\\/bjoernwirtz.com\\\/#\\\/schema\\\/logo\\\/image\\\/\"},\"sameAs\":[\"https:\\\/\\\/www.facebook.com\\\/BjoernWirtzArt\",\"https:\\\/\\\/www.instagram.com\\\/bjoernwirtzart\\\/\"]}]}<\/script>\n<!-- \/ Yoast SEO plugin. -->","yoast_head_json":{"title":"Bj\u00f6rn Wirtz - Artistic profile and biography","description":"Bj\u00f6rn Wirtz, painter with a passion for the visible and the encounter with the motif. Find out more about his artistic path.","robots":{"index":"index","follow":"follow","max-snippet":"max-snippet:-1","max-image-preview":"max-image-preview:large","max-video-preview":"max-video-preview:-1"},"canonical":"https:\/\/bjoernwirtz.com\/en\/bjoern-wirtz-ueber-mich\/","og_locale":"en_US","og_type":"article","og_title":"Bj\u00f6rn Wirtz \u2013 K\u00fcnstlerisches Profil und Biografie","og_description":"Bj\u00f6rn Wirtz, Maler aus mit Leidenschaft f\u00fcr das Sichtbare und die Begegnung mit dem Motiv. Erfahren Sie mehr \u00fcber seinen k\u00fcnstlerischen Weg.","og_url":"https:\/\/bjoernwirtz.com\/en\/bjoern-wirtz-ueber-mich\/","og_site_name":"Bj\u00f6rn Wirtz Fine Art","article_publisher":"https:\/\/www.facebook.com\/BjoernWirtzArt","article_modified_time":"2025-07-08T17:40:44+00:00","og_image":[{"width":500,"height":500,"url":"https:\/\/bjoernwirtz.com\/wp-content\/uploads\/Bjoern-Wirtz_portrait-photo_lores_square.jpg","type":"image\/jpeg"}],"twitter_card":"summary_large_image","twitter_misc":{"Est. reading time":"3 minutes"},"schema":{"@context":"https:\/\/schema.org","@graph":[{"@type":["WebPage","AboutPage"],"@id":"https:\/\/bjoernwirtz.com\/bjoern-wirtz-ueber-mich\/","url":"https:\/\/bjoernwirtz.com\/bjoern-wirtz-ueber-mich\/","name":"Bj\u00f6rn Wirtz - Artistic profile and biography","isPartOf":{"@id":"https:\/\/bjoernwirtz.com\/#website"},"primaryImageOfPage":{"@id":"https:\/\/bjoernwirtz.com\/bjoern-wirtz-ueber-mich\/#primaryimage"},"image":{"@id":"https:\/\/bjoernwirtz.com\/bjoern-wirtz-ueber-mich\/#primaryimage"},"thumbnailUrl":"https:\/\/bjoernwirtz.com\/wp-content\/uploads\/Bjoern-Wirtz_portrait-photo_lores_square.jpg","datePublished":"2021-03-23T15:26:11+00:00","dateModified":"2025-07-08T17:40:44+00:00","description":"Bj\u00f6rn Wirtz, painter with a passion for the visible and the encounter with the motif. Find out more about his artistic path.","breadcrumb":{"@id":"https:\/\/bjoernwirtz.com\/bjoern-wirtz-ueber-mich\/#breadcrumb"},"inLanguage":"en-US","potentialAction":[{"@type":"ReadAction","target":["https:\/\/bjoernwirtz.com\/bjoern-wirtz-ueber-mich\/"]}]},{"@type":"ImageObject","inLanguage":"en-US","@id":"https:\/\/bjoernwirtz.com\/bjoern-wirtz-ueber-mich\/#primaryimage","url":"https:\/\/bjoernwirtz.com\/wp-content\/uploads\/Bjoern-Wirtz_portrait-photo_lores_square.jpg","contentUrl":"https:\/\/bjoernwirtz.com\/wp-content\/uploads\/Bjoern-Wirtz_portrait-photo_lores_square.jpg"},{"@type":"BreadcrumbList","@id":"https:\/\/bjoernwirtz.com\/bjoern-wirtz-ueber-mich\/#breadcrumb","itemListElement":[{"@type":"ListItem","position":1,"name":"Home","item":"https:\/\/bjoernwirtz.com\/"},{"@type":"ListItem","position":2,"name":"Bj\u00f6rn Wirtz \u2013 \u00dcber mich"}]},{"@type":"WebSite","@id":"https:\/\/bjoernwirtz.com\/#website","url":"https:\/\/bjoernwirtz.com\/","name":"Bj\u00f6rn Wirtz Fine Art","description":"Representational Paintings \/ Plein Air, Landscape, Still Life","publisher":{"@id":"https:\/\/bjoernwirtz.com\/#organization"},"potentialAction":[{"@type":"SearchAction","target":{"@type":"EntryPoint","urlTemplate":"https:\/\/bjoernwirtz.com\/?s={search_term_string}"},"query-input":{"@type":"PropertyValueSpecification","valueRequired":true,"valueName":"search_term_string"}}],"inLanguage":"en-US"},{"@type":"Organization","@id":"https:\/\/bjoernwirtz.com\/#organization","name":"Bj\u00f6rn Wirtz","url":"https:\/\/bjoernwirtz.com\/","logo":{"@type":"ImageObject","inLanguage":"en-US","@id":"https:\/\/bjoernwirtz.com\/#\/schema\/logo\/image\/","url":"https:\/\/bjoernwirtz.com\/wp-content\/uploads\/2021\/03\/Wirtz_Logo_03.png","contentUrl":"https:\/\/bjoernwirtz.com\/wp-content\/uploads\/2021\/03\/Wirtz_Logo_03.png","width":600,"height":176,"caption":"Bj\u00f6rn Wirtz"},"image":{"@id":"https:\/\/bjoernwirtz.com\/#\/schema\/logo\/image\/"},"sameAs":["https:\/\/www.facebook.com\/BjoernWirtzArt","https:\/\/www.instagram.com\/bjoernwirtzart\/"]}]}},"_links":{"self":[{"href":"https:\/\/bjoernwirtz.com\/en\/wp-json\/wp\/v2\/pages\/17","targetHints":{"allow":["GET"]}}],"collection":[{"href":"https:\/\/bjoernwirtz.com\/en\/wp-json\/wp\/v2\/pages"}],"about":[{"href":"https:\/\/bjoernwirtz.com\/en\/wp-json\/wp\/v2\/types\/page"}],"author":[{"embeddable":true,"href":"https:\/\/bjoernwirtz.com\/en\/wp-json\/wp\/v2\/users\/1"}],"replies":[{"embeddable":true,"href":"https:\/\/bjoernwirtz.com\/en\/wp-json\/wp\/v2\/comments?post=17"}],"version-history":[{"count":66,"href":"https:\/\/bjoernwirtz.com\/en\/wp-json\/wp\/v2\/pages\/17\/revisions"}],"predecessor-version":[{"id":3315,"href":"https:\/\/bjoernwirtz.com\/en\/wp-json\/wp\/v2\/pages\/17\/revisions\/3315"}],"wp:attachment":[{"href":"https:\/\/bjoernwirtz.com\/en\/wp-json\/wp\/v2\/media?parent=17"}],"curies":[{"name":"wp","href":"https:\/\/api.w.org\/{rel}","templated":true}]}}