{"id":2779,"date":"2023-05-11T10:32:28","date_gmt":"2023-05-11T08:32:28","guid":{"rendered":"https:\/\/bjoernwirtz.com\/?page_id=2779"},"modified":"2023-05-11T10:36:29","modified_gmt":"2023-05-11T08:36:29","slug":"group-exhibition-die-neuen-in-wurzburg","status":"publish","type":"page","link":"https:\/\/bjoernwirtz.com\/en\/group-exhibition-die-neuen-in-wurzburg\/","title":{"rendered":"Group Exhibition &#8222;Die Neuen&#8220; in W\u00fcrzburg"},"content":{"rendered":"<div id=\"pl-gb2779-69e75fb018bbb\"  class=\"panel-layout\" ><div id=\"pg-gb2779-69e75fb018bbb-0\"  class=\"panel-grid panel-has-style\" ><div class=\"siteorigin-panels-stretch panel-row-style panel-row-style-for-gb2779-69e75fb018bbb-0\" data-stretch-type=\"full\" ><div id=\"pgc-gb2779-69e75fb018bbb-0-0\"  class=\"panel-grid-cell\" ><div id=\"panel-gb2779-69e75fb018bbb-0-0-0\" class=\"so-panel widget widget_sow-headline panel-first-child panel-last-child\" data-index=\"0\" ><div\n\t\t\t\n\t\t\tclass=\"so-widget-sow-headline so-widget-sow-headline-default-3f0b1cb4985b-2779\"\n\t\t\t\n\t\t><div class=\"sow-headline-container\">\n\t\t\t\t\t\t\t<h1 class=\"sow-headline\">\n\t\t\t\t\t\t\"The newcomers\"\t\t\t\t\t\t<\/h1>\n\t\t\t\t\t\t\t\t\t\t\t\t<h2 class=\"sow-sub-headline\">\n\t\t\t\t\t\t2.6.2023-25.6.2023\t\t\t\t\t\t<\/h2>\n\t\t\t\t\t\t\t\t\t\t\t<div class=\"decoration\">\n\t\t\t\t\t\t<div class=\"decoration-inside\"><\/div>\n\t\t\t\t\t<\/div>\n\t\t\t\t\t<\/div>\n<\/div><\/div><\/div><\/div><\/div><div id=\"pg-gb2779-69e75fb018bbb-1\"  class=\"panel-grid panel-has-style\" ><div class=\"panel-row-style panel-row-style-for-gb2779-69e75fb018bbb-1\" ><div id=\"pgc-gb2779-69e75fb018bbb-1-0\"  class=\"panel-grid-cell\" ><div id=\"panel-gb2779-69e75fb018bbb-1-0-0\" class=\"so-panel widget widget_sow-editor panel-first-child\" data-index=\"1\" ><div\n\t\t\t\n\t\t\tclass=\"so-widget-sow-editor so-widget-sow-editor-base\"\n\t\t\t\n\t\t>\n<div class=\"siteorigin-widget-tinymce textwidget\">\n\t<p>&nbsp;<\/p>\n<p>I am excited to inform you that I will be participating in the group exhibition \"Die Neuen\" in W\u00fcrzburg with the other new members of the <a href=\"https:\/\/www.vku-kunst.de\/\">VKU<\/a> artists association at the Spit\u00e4le in W\u00fcrzburg, Zeller Stra\u00dfe 1. The exhibition will run from June 3, 2023, to June 25, 2023, with the opening reception taking place on the evening of June 2, 2023, at 7 PM.<\/p>\n<p>This exhibition will showcase the diverse talents and unique perspectives of the new members, including myself. You can expect to see a variety of mediums, including paintings, sculptures, installations, and photography. The artworks explore a wide range of themes and subjects, making for an exciting and thought-provoking exhibition.<\/p>\n<p>The opening reception promises to be a wonderful evening of art, music, and networking, where you can meet the new members and other art enthusiasts. Admission is free, and there is no RSVP needed.<\/p>\n<p>I hope you can join us for this special occasion and experience the creativity and talent of the new members of the VKU artists association. Please feel free to invite your friends and family as well.<\/p>\n<p>Looking forward to seeing you at the exhibition!<\/p>\n<\/div>\n<\/div><\/div><div id=\"panel-gb2779-69e75fb018bbb-1-0-1\" class=\"so-panel widget widget_sow-image panel-last-child\" data-index=\"2\" ><div\n\t\t\t\n\t\t\tclass=\"so-widget-sow-image so-widget-sow-image-default-8b5b6f678277-2779\"\n\t\t\t\n\t\t>\n<div class=\"sow-image-container\">\n\t\t<img \n\tsrc=\"https:\/\/bjoernwirtz.com\/wp-content\/uploads\/DIE-NEUEN_Plakat.png\" width=\"1378\" height=\"1947\" srcset=\"https:\/\/bjoernwirtz.com\/wp-content\/uploads\/DIE-NEUEN_Plakat.png 1378w, https:\/\/bjoernwirtz.com\/wp-content\/uploads\/DIE-NEUEN_Plakat-212x300.png 212w, https:\/\/bjoernwirtz.com\/wp-content\/uploads\/DIE-NEUEN_Plakat-725x1024.png 725w, https:\/\/bjoernwirtz.com\/wp-content\/uploads\/DIE-NEUEN_Plakat-768x1085.png 768w, https:\/\/bjoernwirtz.com\/wp-content\/uploads\/DIE-NEUEN_Plakat-1087x1536.png 1087w, https:\/\/bjoernwirtz.com\/wp-content\/uploads\/DIE-NEUEN_Plakat-8x12.png 8w\" sizes=\"(max-width: 1378px) 100vw, 1378px\" title=\"DIE NEUEN_Poster\" alt=\"\" \t\tclass=\"so-widget-image\"\/>\n\t<\/div>\n\n<\/div><\/div><\/div><\/div><\/div><\/div>\n\n\n<p><\/p>","protected":false},"excerpt":{"rendered":"<p>&nbsp; I am excited to inform you that I will be participating in the group exhibition &#8222;Die Neuen&#8220; in W\u00fcrzburg with the other new members&hellip;<\/p>","protected":false},"author":1,"featured_media":0,"parent":0,"menu_order":0,"comment_status":"closed","ping_status":"closed","template":"","meta":{"footnotes":""},"class_list":["post-2779","page","type-page","status-publish","hentry"],"yoast_head":"<!-- This site is optimized with the Yoast SEO plugin v27.4 - https:\/\/yoast.com\/product\/yoast-seo-wordpress\/ -->\n<title>Group Exhibition &quot;Die Neuen&quot; in W\u00fcrzburg -<\/title>\n<meta name=\"description\" content=\"Join us for a free Group Exhibition &quot;Die Neuen&quot; in W\u00fcrzburg from June 3-25, 2023, at the Spit\u00e4le in W\u00fcrzburg. Opening reception on June 2, 2023.\" \/>\n<meta name=\"robots\" content=\"index, follow, max-snippet:-1, max-image-preview:large, max-video-preview:-1\" \/>\n<link rel=\"canonical\" href=\"https:\/\/bjoernwirtz.com\/en\/group-exhibition-die-neuen-in-wurzburg\/\" \/>\n<meta property=\"og:locale\" content=\"en_US\" \/>\n<meta property=\"og:type\" content=\"article\" \/>\n<meta property=\"og:title\" content=\"Group Exhibition &quot;Die Neuen&quot; in W\u00fcrzburg -\" \/>\n<meta property=\"og:description\" content=\"Join us for a free Group Exhibition &quot;Die Neuen&quot; in W\u00fcrzburg from June 3-25, 2023, at the Spit\u00e4le in W\u00fcrzburg. Opening reception on June 2, 2023.\" \/>\n<meta property=\"og:url\" content=\"https:\/\/bjoernwirtz.com\/en\/group-exhibition-die-neuen-in-wurzburg\/\" \/>\n<meta property=\"og:site_name\" content=\"Bj\u00f6rn Wirtz Fine Art\" \/>\n<meta property=\"article:publisher\" content=\"https:\/\/www.facebook.com\/BjoernWirtzArt\" \/>\n<meta property=\"article:modified_time\" content=\"2023-05-11T08:36:29+00:00\" \/>\n<meta property=\"og:image\" content=\"https:\/\/bjoernwirtz.com\/wp-content\/uploads\/DIE-NEUEN_Plakat.png\" \/>\n<meta name=\"twitter:card\" content=\"summary_large_image\" \/>\n<meta name=\"twitter:label1\" content=\"Est. reading time\" \/>\n\t<meta name=\"twitter:data1\" content=\"2 minutes\" \/>\n<script type=\"application\/ld+json\" class=\"yoast-schema-graph\">{\"@context\":\"https:\\\/\\\/schema.org\",\"@graph\":[{\"@type\":\"WebPage\",\"@id\":\"https:\\\/\\\/bjoernwirtz.com\\\/group-exhibition-die-neuen-in-wurzburg\\\/\",\"url\":\"https:\\\/\\\/bjoernwirtz.com\\\/group-exhibition-die-neuen-in-wurzburg\\\/\",\"name\":\"Group Exhibition \\\"Die Neuen\\\" in W\u00fcrzburg -\",\"isPartOf\":{\"@id\":\"https:\\\/\\\/bjoernwirtz.com\\\/#website\"},\"primaryImageOfPage\":{\"@id\":\"https:\\\/\\\/bjoernwirtz.com\\\/group-exhibition-die-neuen-in-wurzburg\\\/#primaryimage\"},\"image\":{\"@id\":\"https:\\\/\\\/bjoernwirtz.com\\\/group-exhibition-die-neuen-in-wurzburg\\\/#primaryimage\"},\"thumbnailUrl\":\"https:\\\/\\\/bjoernwirtz.com\\\/wp-content\\\/uploads\\\/DIE-NEUEN_Plakat.png\",\"datePublished\":\"2023-05-11T08:32:28+00:00\",\"dateModified\":\"2023-05-11T08:36:29+00:00\",\"description\":\"Join us for a free Group Exhibition \\\"Die Neuen\\\" in W\u00fcrzburg from June 3-25, 2023, at the Spit\u00e4le in W\u00fcrzburg. Opening reception on June 2, 2023.\",\"breadcrumb\":{\"@id\":\"https:\\\/\\\/bjoernwirtz.com\\\/group-exhibition-die-neuen-in-wurzburg\\\/#breadcrumb\"},\"inLanguage\":\"en-US\",\"potentialAction\":[{\"@type\":\"ReadAction\",\"target\":[\"https:\\\/\\\/bjoernwirtz.com\\\/group-exhibition-die-neuen-in-wurzburg\\\/\"]}]},{\"@type\":\"ImageObject\",\"inLanguage\":\"en-US\",\"@id\":\"https:\\\/\\\/bjoernwirtz.com\\\/group-exhibition-die-neuen-in-wurzburg\\\/#primaryimage\",\"url\":\"https:\\\/\\\/bjoernwirtz.com\\\/wp-content\\\/uploads\\\/DIE-NEUEN_Plakat.png\",\"contentUrl\":\"https:\\\/\\\/bjoernwirtz.com\\\/wp-content\\\/uploads\\\/DIE-NEUEN_Plakat.png\"},{\"@type\":\"BreadcrumbList\",\"@id\":\"https:\\\/\\\/bjoernwirtz.com\\\/group-exhibition-die-neuen-in-wurzburg\\\/#breadcrumb\",\"itemListElement\":[{\"@type\":\"ListItem\",\"position\":1,\"name\":\"Home\",\"item\":\"https:\\\/\\\/bjoernwirtz.com\\\/\"},{\"@type\":\"ListItem\",\"position\":2,\"name\":\"Group Exhibition &#8220;Die Neuen&#8221; in W\u00fcrzburg\"}]},{\"@type\":\"WebSite\",\"@id\":\"https:\\\/\\\/bjoernwirtz.com\\\/#website\",\"url\":\"https:\\\/\\\/bjoernwirtz.com\\\/\",\"name\":\"Bj\u00f6rn Wirtz Fine Art\",\"description\":\"Representational Paintings \\\/ Plein Air, Landscape, Still Life\",\"publisher\":{\"@id\":\"https:\\\/\\\/bjoernwirtz.com\\\/#organization\"},\"potentialAction\":[{\"@type\":\"SearchAction\",\"target\":{\"@type\":\"EntryPoint\",\"urlTemplate\":\"https:\\\/\\\/bjoernwirtz.com\\\/?s={search_term_string}\"},\"query-input\":{\"@type\":\"PropertyValueSpecification\",\"valueRequired\":true,\"valueName\":\"search_term_string\"}}],\"inLanguage\":\"en-US\"},{\"@type\":\"Organization\",\"@id\":\"https:\\\/\\\/bjoernwirtz.com\\\/#organization\",\"name\":\"Bj\u00f6rn Wirtz\",\"url\":\"https:\\\/\\\/bjoernwirtz.com\\\/\",\"logo\":{\"@type\":\"ImageObject\",\"inLanguage\":\"en-US\",\"@id\":\"https:\\\/\\\/bjoernwirtz.com\\\/#\\\/schema\\\/logo\\\/image\\\/\",\"url\":\"https:\\\/\\\/bjoernwirtz.com\\\/wp-content\\\/uploads\\\/2021\\\/03\\\/Wirtz_Logo_03.png\",\"contentUrl\":\"https:\\\/\\\/bjoernwirtz.com\\\/wp-content\\\/uploads\\\/2021\\\/03\\\/Wirtz_Logo_03.png\",\"width\":600,\"height\":176,\"caption\":\"Bj\u00f6rn Wirtz\"},\"image\":{\"@id\":\"https:\\\/\\\/bjoernwirtz.com\\\/#\\\/schema\\\/logo\\\/image\\\/\"},\"sameAs\":[\"https:\\\/\\\/www.facebook.com\\\/BjoernWirtzArt\",\"https:\\\/\\\/www.instagram.com\\\/bjoernwirtzart\\\/\"]}]}<\/script>\n<!-- \/ Yoast SEO plugin. -->","yoast_head_json":{"title":"Group Exhibition \"The New Ones\" in W\u00fcrzburg -","description":"Join us for a free Group Exhibition \"Die Neuen\" in W\u00fcrzburg from June 3-25, 2023, at the Spit\u00e4le in W\u00fcrzburg. Opening reception on June 2, 2023.","robots":{"index":"index","follow":"follow","max-snippet":"max-snippet:-1","max-image-preview":"max-image-preview:large","max-video-preview":"max-video-preview:-1"},"canonical":"https:\/\/bjoernwirtz.com\/en\/group-exhibition-die-neuen-in-wurzburg\/","og_locale":"en_US","og_type":"article","og_title":"Group Exhibition \"Die Neuen\" in W\u00fcrzburg -","og_description":"Join us for a free Group Exhibition \"Die Neuen\" in W\u00fcrzburg from June 3-25, 2023, at the Spit\u00e4le in W\u00fcrzburg. Opening reception on June 2, 2023.","og_url":"https:\/\/bjoernwirtz.com\/en\/group-exhibition-die-neuen-in-wurzburg\/","og_site_name":"Bj\u00f6rn Wirtz Fine Art","article_publisher":"https:\/\/www.facebook.com\/BjoernWirtzArt","article_modified_time":"2023-05-11T08:36:29+00:00","og_image":[{"url":"https:\/\/bjoernwirtz.com\/wp-content\/uploads\/DIE-NEUEN_Plakat.png","type":"","width":"","height":""}],"twitter_card":"summary_large_image","twitter_misc":{"Est. reading time":"2 minutes"},"schema":{"@context":"https:\/\/schema.org","@graph":[{"@type":"WebPage","@id":"https:\/\/bjoernwirtz.com\/group-exhibition-die-neuen-in-wurzburg\/","url":"https:\/\/bjoernwirtz.com\/group-exhibition-die-neuen-in-wurzburg\/","name":"Group Exhibition \"The New Ones\" in W\u00fcrzburg -","isPartOf":{"@id":"https:\/\/bjoernwirtz.com\/#website"},"primaryImageOfPage":{"@id":"https:\/\/bjoernwirtz.com\/group-exhibition-die-neuen-in-wurzburg\/#primaryimage"},"image":{"@id":"https:\/\/bjoernwirtz.com\/group-exhibition-die-neuen-in-wurzburg\/#primaryimage"},"thumbnailUrl":"https:\/\/bjoernwirtz.com\/wp-content\/uploads\/DIE-NEUEN_Plakat.png","datePublished":"2023-05-11T08:32:28+00:00","dateModified":"2023-05-11T08:36:29+00:00","description":"Join us for a free Group Exhibition \"Die Neuen\" in W\u00fcrzburg from June 3-25, 2023, at the Spit\u00e4le in W\u00fcrzburg. Opening reception on June 2, 2023.","breadcrumb":{"@id":"https:\/\/bjoernwirtz.com\/group-exhibition-die-neuen-in-wurzburg\/#breadcrumb"},"inLanguage":"en-US","potentialAction":[{"@type":"ReadAction","target":["https:\/\/bjoernwirtz.com\/group-exhibition-die-neuen-in-wurzburg\/"]}]},{"@type":"ImageObject","inLanguage":"en-US","@id":"https:\/\/bjoernwirtz.com\/group-exhibition-die-neuen-in-wurzburg\/#primaryimage","url":"https:\/\/bjoernwirtz.com\/wp-content\/uploads\/DIE-NEUEN_Plakat.png","contentUrl":"https:\/\/bjoernwirtz.com\/wp-content\/uploads\/DIE-NEUEN_Plakat.png"},{"@type":"BreadcrumbList","@id":"https:\/\/bjoernwirtz.com\/group-exhibition-die-neuen-in-wurzburg\/#breadcrumb","itemListElement":[{"@type":"ListItem","position":1,"name":"Home","item":"https:\/\/bjoernwirtz.com\/"},{"@type":"ListItem","position":2,"name":"Group Exhibition &#8220;Die Neuen&#8221; in W\u00fcrzburg"}]},{"@type":"WebSite","@id":"https:\/\/bjoernwirtz.com\/#website","url":"https:\/\/bjoernwirtz.com\/","name":"Bj\u00f6rn Wirtz Fine Art","description":"Representational Paintings \/ Plein Air, Landscape, Still Life","publisher":{"@id":"https:\/\/bjoernwirtz.com\/#organization"},"potentialAction":[{"@type":"SearchAction","target":{"@type":"EntryPoint","urlTemplate":"https:\/\/bjoernwirtz.com\/?s={search_term_string}"},"query-input":{"@type":"PropertyValueSpecification","valueRequired":true,"valueName":"search_term_string"}}],"inLanguage":"en-US"},{"@type":"Organization","@id":"https:\/\/bjoernwirtz.com\/#organization","name":"Bj\u00f6rn Wirtz","url":"https:\/\/bjoernwirtz.com\/","logo":{"@type":"ImageObject","inLanguage":"en-US","@id":"https:\/\/bjoernwirtz.com\/#\/schema\/logo\/image\/","url":"https:\/\/bjoernwirtz.com\/wp-content\/uploads\/2021\/03\/Wirtz_Logo_03.png","contentUrl":"https:\/\/bjoernwirtz.com\/wp-content\/uploads\/2021\/03\/Wirtz_Logo_03.png","width":600,"height":176,"caption":"Bj\u00f6rn Wirtz"},"image":{"@id":"https:\/\/bjoernwirtz.com\/#\/schema\/logo\/image\/"},"sameAs":["https:\/\/www.facebook.com\/BjoernWirtzArt","https:\/\/www.instagram.com\/bjoernwirtzart\/"]}]}},"_links":{"self":[{"href":"https:\/\/bjoernwirtz.com\/en\/wp-json\/wp\/v2\/pages\/2779","targetHints":{"allow":["GET"]}}],"collection":[{"href":"https:\/\/bjoernwirtz.com\/en\/wp-json\/wp\/v2\/pages"}],"about":[{"href":"https:\/\/bjoernwirtz.com\/en\/wp-json\/wp\/v2\/types\/page"}],"author":[{"embeddable":true,"href":"https:\/\/bjoernwirtz.com\/en\/wp-json\/wp\/v2\/users\/1"}],"replies":[{"embeddable":true,"href":"https:\/\/bjoernwirtz.com\/en\/wp-json\/wp\/v2\/comments?post=2779"}],"version-history":[{"count":6,"href":"https:\/\/bjoernwirtz.com\/en\/wp-json\/wp\/v2\/pages\/2779\/revisions"}],"predecessor-version":[{"id":2790,"href":"https:\/\/bjoernwirtz.com\/en\/wp-json\/wp\/v2\/pages\/2779\/revisions\/2790"}],"wp:attachment":[{"href":"https:\/\/bjoernwirtz.com\/en\/wp-json\/wp\/v2\/media?parent=2779"}],"curies":[{"name":"wp","href":"https:\/\/api.w.org\/{rel}","templated":true}]}}