{"id":2870,"date":"2023-08-26T12:04:59","date_gmt":"2023-08-26T10:04:59","guid":{"rendered":"https:\/\/bjoernwirtz.com\/?page_id=2870"},"modified":"2023-10-27T13:44:01","modified_gmt":"2023-10-27T11:44:01","slug":"solo-exhibition-bjorn-wirtz-galerie-goldner","status":"publish","type":"page","link":"https:\/\/bjoernwirtz.com\/en\/solo-exhibition-bjorn-wirtz-galerie-goldner\/","title":{"rendered":"Solo Exhibition Bj\u00f6rn Wirtz X Gallery G\u00f6ldner"},"content":{"rendered":"<div id=\"pl-gb2870-69e773a54a375\"  class=\"panel-layout\" ><div id=\"pg-gb2870-69e773a54a375-0\"  class=\"panel-grid panel-has-style\" ><div class=\"siteorigin-panels-stretch panel-row-style panel-row-style-for-gb2870-69e773a54a375-0\" data-stretch-type=\"full\" ><div id=\"pgc-gb2870-69e773a54a375-0-0\"  class=\"panel-grid-cell\" ><div id=\"panel-gb2870-69e773a54a375-0-0-0\" class=\"so-panel widget widget_sow-headline panel-first-child panel-last-child\" data-index=\"0\" ><div\n\t\t\t\n\t\t\tclass=\"so-widget-sow-headline so-widget-sow-headline-default-3f0b1cb4985b-2870\"\n\t\t\t\n\t\t><div class=\"sow-headline-container \">\n\t\t\t\t\t\t\t<h1 class=\"sow-headline\">\n\t\t\t\t\t\tBj\u00f6rn Wirtz \/ Im Dialog\t\t\t\t\t\t<\/h1>\n\t\t\t\t\t\t\t\t\t\t\t\t<h2 class=\"sow-sub-headline\">\n\t\t\t\t\t\t11.11.2023-5.1.2024\t\t\t\t\t\t<\/h2>\n\t\t\t\t\t\t\t\t\t\t\t<div class=\"decoration\">\n\t\t\t\t\t\t<div class=\"decoration-inside\"><\/div>\n\t\t\t\t\t<\/div>\n\t\t\t\t\t<\/div>\n<\/div><\/div><\/div><\/div><\/div><div id=\"pg-gb2870-69e773a54a375-1\"  class=\"panel-grid panel-has-style\" ><div class=\"panel-row-style panel-row-style-for-gb2870-69e773a54a375-1\" ><div id=\"pgc-gb2870-69e773a54a375-1-0\"  class=\"panel-grid-cell\" ><div id=\"panel-gb2870-69e773a54a375-1-0-0\" class=\"so-panel widget widget_sow-editor panel-first-child panel-last-child\" data-index=\"1\" ><div\n\t\t\t\n\t\t\tclass=\"so-widget-sow-editor so-widget-sow-editor-base\"\n\t\t\t\n\t\t>\n<div class=\"siteorigin-widget-tinymce textwidget\">\n\t<p>&nbsp;<\/p>\n<div class=\"flex flex-grow flex-col gap-3 max-w-full\">\n<div class=\"min-h-[20px] flex flex-col items-start gap-3 overflow-x-auto whitespace-pre-wrap break-words\">\n<div class=\"markdown prose w-full break-words dark:prose-invert light\">\n<p>I am thrilled to share with you an exciting upcoming event. My solo exhibition is set to take place at <a href=\"https:\/\/www.rundumkunst.de\/\">Galerie G\u00f6ldner<\/a> and will run from November 11th to January 5th 2024, and I couldn&#8217;t be more excited to present my latest works to you all.<\/p>\n<p>This exhibition marks a profound journey into the heart of my artistic expression, where I&#8217;ve seamlessly blended the serene elegance of still lifes with the breathtaking allure of landscapes. Each piece within this collection stands as a testament to my fervent passion for capturing emotions, stories, and fleeting moments through the medium of art.<\/p>\n<p>From the delicate intricacy of the flowers in my still life compositions to the vast expanses of my landscapes, I&#8217;ve poured my heart and soul into every stroke of the brush. It&#8217;s an invitation to explore the interplay of colors, textures, and the interwoven narratives that vividly define my work.<\/p>\n<p>Galerie G\u00f6ldner has graciously provided an exquisite canvas for my artistic voice, and I am immensely grateful for this opportunity to share my creations with all of you. As we diligently prepare for this exhibition, I extend a warm invitation to you, urging you to join me on this remarkable artistic journey. Together, let&#8217;s rejoice in the harmonious union of still lifes and landscapes.<\/p>\n<p>The opening reception will take place on November 11th at 5:30 PM. I am looking forward to seeing you there.<\/p>\n<p>For any inquiries or updates, please feel free to explore my website, <a href=\"https:\/\/bjoernwirtz.com\/newsletter\/\">join my newsletter<\/a> or <a href=\"https:\/\/bjoernwirtz.com\/contact-me\/\">connect with me directly<\/a>.<\/p>\n<\/div>\n<\/div>\n<\/div>\n<p>&nbsp;<\/p>\n<\/div>\n<\/div><\/div><\/div><\/div><\/div><\/div>\n\n\n<figure class=\"wp-block-image size-large\"><img loading=\"lazy\" decoding=\"async\" width=\"724\" height=\"1024\" src=\"https:\/\/bjoernwirtz.com\/wp-content\/uploads\/Bjoern-Wirtz-Im-Dialog-724x1024.jpg\" alt=\"Ausstellungsplakat Bj\u00f6rn Wirtz- Im Dialog\" class=\"wp-image-2924\" srcset=\"https:\/\/bjoernwirtz.com\/wp-content\/uploads\/Bjoern-Wirtz-Im-Dialog-724x1024.jpg 724w, https:\/\/bjoernwirtz.com\/wp-content\/uploads\/Bjoern-Wirtz-Im-Dialog-212x300.jpg 212w, https:\/\/bjoernwirtz.com\/wp-content\/uploads\/Bjoern-Wirtz-Im-Dialog-768x1086.jpg 768w, https:\/\/bjoernwirtz.com\/wp-content\/uploads\/Bjoern-Wirtz-Im-Dialog-1086x1536.jpg 1086w, https:\/\/bjoernwirtz.com\/wp-content\/uploads\/Bjoern-Wirtz-Im-Dialog-8x12.jpg 8w, https:\/\/bjoernwirtz.com\/wp-content\/uploads\/Bjoern-Wirtz-Im-Dialog.jpg 1358w\" sizes=\"auto, (max-width: 724px) 100vw, 724px\" \/><\/figure>\n","protected":false},"excerpt":{"rendered":"<p>&nbsp; I am thrilled to share with you an exciting upcoming event. My solo exhibition is set to take place at Galerie G\u00f6ldner and will&hellip;<\/p>","protected":false},"author":1,"featured_media":0,"parent":0,"menu_order":0,"comment_status":"closed","ping_status":"closed","template":"","meta":{"footnotes":""},"class_list":["post-2870","page","type-page","status-publish","hentry"],"yoast_head":"<!-- This site is optimized with the Yoast SEO plugin v27.4 - https:\/\/yoast.com\/product\/yoast-seo-wordpress\/ -->\n<title>Solo Exhibition Bj\u00f6rn Wirtz X Galerie G\u00f6ldner<\/title>\n<meta name=\"description\" content=\"Explore Bj\u00f6rn Wirtz&#039;s captivating fusion of still lifes and landscapes at Galerie G\u00f6ldner this November. Stay tuned for exhibition dates.\" \/>\n<meta name=\"robots\" content=\"index, follow, max-snippet:-1, max-image-preview:large, max-video-preview:-1\" \/>\n<link rel=\"canonical\" href=\"https:\/\/bjoernwirtz.com\/en\/solo-exhibition-bjorn-wirtz-galerie-goldner\/\" \/>\n<meta property=\"og:locale\" content=\"en_US\" \/>\n<meta property=\"og:type\" content=\"article\" \/>\n<meta property=\"og:title\" content=\"Solo Exhibition Bj\u00f6rn Wirtz X Galerie G\u00f6ldner\" \/>\n<meta property=\"og:description\" content=\"Explore Bj\u00f6rn Wirtz&#039;s captivating fusion of still lifes and landscapes at Galerie G\u00f6ldner this November. Stay tuned for exhibition dates.\" \/>\n<meta property=\"og:url\" content=\"https:\/\/bjoernwirtz.com\/en\/solo-exhibition-bjorn-wirtz-galerie-goldner\/\" \/>\n<meta property=\"og:site_name\" content=\"Bj\u00f6rn Wirtz Fine Art\" \/>\n<meta property=\"article:publisher\" content=\"https:\/\/www.facebook.com\/BjoernWirtzArt\" \/>\n<meta property=\"article:modified_time\" content=\"2023-10-27T11:44:01+00:00\" \/>\n<meta property=\"og:image\" content=\"https:\/\/bjoernwirtz.com\/wp-content\/uploads\/Bjoern-Wirtz-Im-Dialog-724x1024.jpg\" \/>\n<meta name=\"twitter:card\" content=\"summary_large_image\" \/>\n<meta name=\"twitter:label1\" content=\"Est. reading time\" \/>\n\t<meta name=\"twitter:data1\" content=\"2 minutes\" \/>\n<script type=\"application\/ld+json\" class=\"yoast-schema-graph\">{\"@context\":\"https:\\\/\\\/schema.org\",\"@graph\":[{\"@type\":\"WebPage\",\"@id\":\"https:\\\/\\\/bjoernwirtz.com\\\/solo-exhibition-bjorn-wirtz-galerie-goldner\\\/\",\"url\":\"https:\\\/\\\/bjoernwirtz.com\\\/solo-exhibition-bjorn-wirtz-galerie-goldner\\\/\",\"name\":\"Solo Exhibition Bj\u00f6rn Wirtz X Galerie G\u00f6ldner\",\"isPartOf\":{\"@id\":\"https:\\\/\\\/bjoernwirtz.com\\\/#website\"},\"primaryImageOfPage\":{\"@id\":\"https:\\\/\\\/bjoernwirtz.com\\\/solo-exhibition-bjorn-wirtz-galerie-goldner\\\/#primaryimage\"},\"image\":{\"@id\":\"https:\\\/\\\/bjoernwirtz.com\\\/solo-exhibition-bjorn-wirtz-galerie-goldner\\\/#primaryimage\"},\"thumbnailUrl\":\"https:\\\/\\\/bjoernwirtz.com\\\/wp-content\\\/uploads\\\/Bjoern-Wirtz-Im-Dialog-724x1024.jpg\",\"datePublished\":\"2023-08-26T10:04:59+00:00\",\"dateModified\":\"2023-10-27T11:44:01+00:00\",\"description\":\"Explore Bj\u00f6rn Wirtz's captivating fusion of still lifes and landscapes at Galerie G\u00f6ldner this November. Stay tuned for exhibition dates.\",\"breadcrumb\":{\"@id\":\"https:\\\/\\\/bjoernwirtz.com\\\/solo-exhibition-bjorn-wirtz-galerie-goldner\\\/#breadcrumb\"},\"inLanguage\":\"en-US\",\"potentialAction\":[{\"@type\":\"ReadAction\",\"target\":[\"https:\\\/\\\/bjoernwirtz.com\\\/solo-exhibition-bjorn-wirtz-galerie-goldner\\\/\"]}]},{\"@type\":\"ImageObject\",\"inLanguage\":\"en-US\",\"@id\":\"https:\\\/\\\/bjoernwirtz.com\\\/solo-exhibition-bjorn-wirtz-galerie-goldner\\\/#primaryimage\",\"url\":\"https:\\\/\\\/bjoernwirtz.com\\\/wp-content\\\/uploads\\\/Bjoern-Wirtz-Im-Dialog-724x1024.jpg\",\"contentUrl\":\"https:\\\/\\\/bjoernwirtz.com\\\/wp-content\\\/uploads\\\/Bjoern-Wirtz-Im-Dialog-724x1024.jpg\"},{\"@type\":\"BreadcrumbList\",\"@id\":\"https:\\\/\\\/bjoernwirtz.com\\\/solo-exhibition-bjorn-wirtz-galerie-goldner\\\/#breadcrumb\",\"itemListElement\":[{\"@type\":\"ListItem\",\"position\":1,\"name\":\"Home\",\"item\":\"https:\\\/\\\/bjoernwirtz.com\\\/\"},{\"@type\":\"ListItem\",\"position\":2,\"name\":\"Solo Exhibition Bj\u00f6rn Wirtz X Galerie G\u00f6ldner\"}]},{\"@type\":\"WebSite\",\"@id\":\"https:\\\/\\\/bjoernwirtz.com\\\/#website\",\"url\":\"https:\\\/\\\/bjoernwirtz.com\\\/\",\"name\":\"Bj\u00f6rn Wirtz Fine Art\",\"description\":\"Representational Paintings \\\/ Plein Air, Landscape, Still Life\",\"publisher\":{\"@id\":\"https:\\\/\\\/bjoernwirtz.com\\\/#organization\"},\"potentialAction\":[{\"@type\":\"SearchAction\",\"target\":{\"@type\":\"EntryPoint\",\"urlTemplate\":\"https:\\\/\\\/bjoernwirtz.com\\\/?s={search_term_string}\"},\"query-input\":{\"@type\":\"PropertyValueSpecification\",\"valueRequired\":true,\"valueName\":\"search_term_string\"}}],\"inLanguage\":\"en-US\"},{\"@type\":\"Organization\",\"@id\":\"https:\\\/\\\/bjoernwirtz.com\\\/#organization\",\"name\":\"Bj\u00f6rn Wirtz\",\"url\":\"https:\\\/\\\/bjoernwirtz.com\\\/\",\"logo\":{\"@type\":\"ImageObject\",\"inLanguage\":\"en-US\",\"@id\":\"https:\\\/\\\/bjoernwirtz.com\\\/#\\\/schema\\\/logo\\\/image\\\/\",\"url\":\"https:\\\/\\\/bjoernwirtz.com\\\/wp-content\\\/uploads\\\/2021\\\/03\\\/Wirtz_Logo_03.png\",\"contentUrl\":\"https:\\\/\\\/bjoernwirtz.com\\\/wp-content\\\/uploads\\\/2021\\\/03\\\/Wirtz_Logo_03.png\",\"width\":600,\"height\":176,\"caption\":\"Bj\u00f6rn Wirtz\"},\"image\":{\"@id\":\"https:\\\/\\\/bjoernwirtz.com\\\/#\\\/schema\\\/logo\\\/image\\\/\"},\"sameAs\":[\"https:\\\/\\\/www.facebook.com\\\/BjoernWirtzArt\",\"https:\\\/\\\/www.instagram.com\\\/bjoernwirtzart\\\/\"]}]}<\/script>\n<!-- \/ Yoast SEO plugin. -->","yoast_head_json":{"title":"Solo Exhibition Bj\u00f6rn Wirtz X Gallery G\u00f6ldner","description":"Explore Bj\u00f6rn Wirtz's captivating fusion of still lifes and landscapes at Galerie G\u00f6ldner this November. Stay tuned for exhibition dates.","robots":{"index":"index","follow":"follow","max-snippet":"max-snippet:-1","max-image-preview":"max-image-preview:large","max-video-preview":"max-video-preview:-1"},"canonical":"https:\/\/bjoernwirtz.com\/en\/solo-exhibition-bjorn-wirtz-galerie-goldner\/","og_locale":"en_US","og_type":"article","og_title":"Solo Exhibition Bj\u00f6rn Wirtz X Galerie G\u00f6ldner","og_description":"Explore Bj\u00f6rn Wirtz's captivating fusion of still lifes and landscapes at Galerie G\u00f6ldner this November. Stay tuned for exhibition dates.","og_url":"https:\/\/bjoernwirtz.com\/en\/solo-exhibition-bjorn-wirtz-galerie-goldner\/","og_site_name":"Bj\u00f6rn Wirtz Fine Art","article_publisher":"https:\/\/www.facebook.com\/BjoernWirtzArt","article_modified_time":"2023-10-27T11:44:01+00:00","og_image":[{"url":"https:\/\/bjoernwirtz.com\/wp-content\/uploads\/Bjoern-Wirtz-Im-Dialog-724x1024.jpg","type":"","width":"","height":""}],"twitter_card":"summary_large_image","twitter_misc":{"Est. reading time":"2 minutes"},"schema":{"@context":"https:\/\/schema.org","@graph":[{"@type":"WebPage","@id":"https:\/\/bjoernwirtz.com\/solo-exhibition-bjorn-wirtz-galerie-goldner\/","url":"https:\/\/bjoernwirtz.com\/solo-exhibition-bjorn-wirtz-galerie-goldner\/","name":"Solo Exhibition Bj\u00f6rn Wirtz X Gallery G\u00f6ldner","isPartOf":{"@id":"https:\/\/bjoernwirtz.com\/#website"},"primaryImageOfPage":{"@id":"https:\/\/bjoernwirtz.com\/solo-exhibition-bjorn-wirtz-galerie-goldner\/#primaryimage"},"image":{"@id":"https:\/\/bjoernwirtz.com\/solo-exhibition-bjorn-wirtz-galerie-goldner\/#primaryimage"},"thumbnailUrl":"https:\/\/bjoernwirtz.com\/wp-content\/uploads\/Bjoern-Wirtz-Im-Dialog-724x1024.jpg","datePublished":"2023-08-26T10:04:59+00:00","dateModified":"2023-10-27T11:44:01+00:00","description":"Explore Bj\u00f6rn Wirtz's captivating fusion of still lifes and landscapes at Galerie G\u00f6ldner this November. Stay tuned for exhibition dates.","breadcrumb":{"@id":"https:\/\/bjoernwirtz.com\/solo-exhibition-bjorn-wirtz-galerie-goldner\/#breadcrumb"},"inLanguage":"en-US","potentialAction":[{"@type":"ReadAction","target":["https:\/\/bjoernwirtz.com\/solo-exhibition-bjorn-wirtz-galerie-goldner\/"]}]},{"@type":"ImageObject","inLanguage":"en-US","@id":"https:\/\/bjoernwirtz.com\/solo-exhibition-bjorn-wirtz-galerie-goldner\/#primaryimage","url":"https:\/\/bjoernwirtz.com\/wp-content\/uploads\/Bjoern-Wirtz-Im-Dialog-724x1024.jpg","contentUrl":"https:\/\/bjoernwirtz.com\/wp-content\/uploads\/Bjoern-Wirtz-Im-Dialog-724x1024.jpg"},{"@type":"BreadcrumbList","@id":"https:\/\/bjoernwirtz.com\/solo-exhibition-bjorn-wirtz-galerie-goldner\/#breadcrumb","itemListElement":[{"@type":"ListItem","position":1,"name":"Home","item":"https:\/\/bjoernwirtz.com\/"},{"@type":"ListItem","position":2,"name":"Solo Exhibition Bj\u00f6rn Wirtz X Galerie G\u00f6ldner"}]},{"@type":"WebSite","@id":"https:\/\/bjoernwirtz.com\/#website","url":"https:\/\/bjoernwirtz.com\/","name":"Bj\u00f6rn Wirtz Fine Art","description":"Representational Paintings \/ Plein Air, Landscape, Still Life","publisher":{"@id":"https:\/\/bjoernwirtz.com\/#organization"},"potentialAction":[{"@type":"SearchAction","target":{"@type":"EntryPoint","urlTemplate":"https:\/\/bjoernwirtz.com\/?s={search_term_string}"},"query-input":{"@type":"PropertyValueSpecification","valueRequired":true,"valueName":"search_term_string"}}],"inLanguage":"en-US"},{"@type":"Organization","@id":"https:\/\/bjoernwirtz.com\/#organization","name":"Bj\u00f6rn Wirtz","url":"https:\/\/bjoernwirtz.com\/","logo":{"@type":"ImageObject","inLanguage":"en-US","@id":"https:\/\/bjoernwirtz.com\/#\/schema\/logo\/image\/","url":"https:\/\/bjoernwirtz.com\/wp-content\/uploads\/2021\/03\/Wirtz_Logo_03.png","contentUrl":"https:\/\/bjoernwirtz.com\/wp-content\/uploads\/2021\/03\/Wirtz_Logo_03.png","width":600,"height":176,"caption":"Bj\u00f6rn Wirtz"},"image":{"@id":"https:\/\/bjoernwirtz.com\/#\/schema\/logo\/image\/"},"sameAs":["https:\/\/www.facebook.com\/BjoernWirtzArt","https:\/\/www.instagram.com\/bjoernwirtzart\/"]}]}},"_links":{"self":[{"href":"https:\/\/bjoernwirtz.com\/en\/wp-json\/wp\/v2\/pages\/2870","targetHints":{"allow":["GET"]}}],"collection":[{"href":"https:\/\/bjoernwirtz.com\/en\/wp-json\/wp\/v2\/pages"}],"about":[{"href":"https:\/\/bjoernwirtz.com\/en\/wp-json\/wp\/v2\/types\/page"}],"author":[{"embeddable":true,"href":"https:\/\/bjoernwirtz.com\/en\/wp-json\/wp\/v2\/users\/1"}],"replies":[{"embeddable":true,"href":"https:\/\/bjoernwirtz.com\/en\/wp-json\/wp\/v2\/comments?post=2870"}],"version-history":[{"count":11,"href":"https:\/\/bjoernwirtz.com\/en\/wp-json\/wp\/v2\/pages\/2870\/revisions"}],"predecessor-version":[{"id":2925,"href":"https:\/\/bjoernwirtz.com\/en\/wp-json\/wp\/v2\/pages\/2870\/revisions\/2925"}],"wp:attachment":[{"href":"https:\/\/bjoernwirtz.com\/en\/wp-json\/wp\/v2\/media?parent=2870"}],"curies":[{"name":"wp","href":"https:\/\/api.w.org\/{rel}","templated":true}]}}