{"id":312,"date":"2021-03-29T10:09:37","date_gmt":"2021-03-29T10:09:37","guid":{"rendered":"https:\/\/bjoernwirtz.com\/?page_id=312"},"modified":"2026-02-12T11:38:48","modified_gmt":"2026-02-12T10:38:48","slug":"studiomail","status":"publish","type":"page","link":"https:\/\/bjoernwirtz.com\/en\/studiomail\/","title":{"rendered":"Bj\u00f6rn Wirtz - Studio mail"},"content":{"rendered":"<figure class=\"wp-block-image alignfull size-large\"><img loading=\"lazy\" decoding=\"async\" width=\"1024\" height=\"323\" src=\"https:\/\/bjoernwirtz.com\/wp-content\/uploads\/IMG_20200522_164944-5-1024x323.jpg\" alt=\"\" class=\"wp-image-3659\" srcset=\"https:\/\/bjoernwirtz.com\/wp-content\/uploads\/IMG_20200522_164944-5-1024x323.jpg 1024w, https:\/\/bjoernwirtz.com\/wp-content\/uploads\/IMG_20200522_164944-5-300x95.jpg 300w, https:\/\/bjoernwirtz.com\/wp-content\/uploads\/IMG_20200522_164944-5-768x242.jpg 768w, https:\/\/bjoernwirtz.com\/wp-content\/uploads\/IMG_20200522_164944-5-1536x484.jpg 1536w, https:\/\/bjoernwirtz.com\/wp-content\/uploads\/IMG_20200522_164944-5-18x6.jpg 18w, https:\/\/bjoernwirtz.com\/wp-content\/uploads\/IMG_20200522_164944-5.jpg 2000w\" sizes=\"auto, (max-width: 1024px) 100vw, 1024px\" \/><\/figure>\n\n\n\n<div class=\"wp-block-group limited-width atelierpost-box hero-box has-background\" style=\"background-color:#e3e3e3\"><div class=\"wp-block-group__inner-container is-layout-constrained wp-block-group-is-layout-constrained\">\n<h2 class=\"wp-block-heading\"><strong>Insights from my studio &amp; new works \u2014 delivered straight to your inbox<\/strong><\/h2>\n\n\n\n<h3 class=\"wp-block-heading\">Receive personal studio updates 4\u00d7 a year: new paintings, background stories on current work, and invitations to exhibitions. No spam \u2014 unsubscribe anytime.<\/h3>\n\n\n\n<p><\/p>\n\n\n\n<ul class=\"wp-block-list\">\n<li class=\"translation-block\"><strong>See new paintings first<\/strong><\/li>\n\n\n\n<li><strong>Receive exclusive studio offers<\/strong><\/li>\n\n\n\n<li><strong>Don't miss upcoming exhibitions<\/strong><\/li>\n\n\n\n<li><strong>Information about upcoming workshops<\/strong><\/li>\n\n\n\n<li><strong>A look behind the scenes<\/strong><\/li>\n<\/ul>\n\n\n\n<div class=\"wp-block-columns is-layout-flex wp-container-core-columns-is-layout-9d6595d7 wp-block-columns-is-layout-flex\">\n<div class=\"wp-block-column is-vertically-aligned-center is-layout-flow wp-block-column-is-layout-flow\"><script>(function() {\n\twindow.mc4wp = window.mc4wp || {\n\t\tlisteners: [],\n\t\tforms: {\n\t\t\ton: function(evt, cb) {\n\t\t\t\twindow.mc4wp.listeners.push(\n\t\t\t\t\t{\n\t\t\t\t\t\tevent   : evt,\n\t\t\t\t\t\tcallback: cb\n\t\t\t\t\t}\n\t\t\t\t);\n\t\t\t}\n\t\t}\n\t}\n})();\n<\/script><!-- Mailchimp for WordPress v4.12.2 - https:\/\/wordpress.org\/plugins\/mailchimp-for-wp\/ --><form id=\"mc4wp-form-1\" class=\"mc4wp-form mc4wp-form-314 mc4wp-form-basic\" method=\"post\" data-id=\"314\" data-name=\"BJ\u00d6RN WIRTZ FINE ART\" data-typo-check=\"1\" action=\"\" ><div class=\"mc4wp-form-fields\"><p>\r\n    <label>Name<\/label>\r\n    <input type=\"text\" name=\"FNAME\" placeholder=\"Optional\">\r\n<\/p>\r\n\r\n<p>\r\n\t<label>email<\/label>\r\n\t\t<input type=\"email\" name=\"EMAIL\" placeholder=\"Required\" required \/>\r\n<\/p>\r\n\r\n\r\n<p>\r\nI have read the <a href=\"https:\/\/bjoernwirtz.com\/en\/datenschutzerklaerung\/\">Privacy policy<\/a> and agree with it. <input type=\"checkbox\" name=\"dsgvoaio_mc_checkbox\" required><\/p><p><input type=\"submit\" value=\"Receive studio updates\" \/>\r\n<\/p>\r\n\r\n<\/div><label style=\"display: none !important;\">Leave this field empty if you're human: <input type=\"text\" name=\"_mc4wp_honeypot\" value=\"\" tabindex=\"-1\" autocomplete=\"off\" \/><\/label><input type=\"hidden\" name=\"_mc4wp_timestamp\" value=\"1776765477\" \/><input type=\"hidden\" name=\"_mc4wp_form_id\" value=\"314\" \/><input type=\"hidden\" name=\"_mc4wp_form_element_id\" value=\"mc4wp-form-1\" \/><div class=\"mc4wp-response\"><\/div><input type=\"hidden\" name=\"trp-form-language\" value=\"en\"\/><\/form><!-- \/ Mailchimp for WordPress Plugin --><\/div>\n<\/div>\n\n\n\n<div style=\"height:22px\" aria-hidden=\"true\" class=\"wp-block-spacer\"><\/div>\n<\/div><\/div>\n\n\n\n<figure class=\"wp-block-image alignfull size-large\"><img loading=\"lazy\" decoding=\"async\" width=\"1600\" height=\"901\" src=\"https:\/\/bjoernwirtz.com\/wp-content\/uploads\/PXL_20250301_155757032.MP2_-edited.jpg\" alt=\"\" class=\"wp-image-3638\" srcset=\"https:\/\/bjoernwirtz.com\/wp-content\/uploads\/PXL_20250301_155757032.MP2_-edited.jpg 1600w, https:\/\/bjoernwirtz.com\/wp-content\/uploads\/PXL_20250301_155757032.MP2_-edited-300x169.jpg 300w, https:\/\/bjoernwirtz.com\/wp-content\/uploads\/PXL_20250301_155757032.MP2_-edited-1024x577.jpg 1024w, https:\/\/bjoernwirtz.com\/wp-content\/uploads\/PXL_20250301_155757032.MP2_-edited-768x432.jpg 768w, https:\/\/bjoernwirtz.com\/wp-content\/uploads\/PXL_20250301_155757032.MP2_-edited-1536x865.jpg 1536w, https:\/\/bjoernwirtz.com\/wp-content\/uploads\/PXL_20250301_155757032.MP2_-edited-18x10.jpg 18w\" sizes=\"auto, (max-width: 1600px) 100vw, 1600px\" \/><\/figure>","protected":false},"excerpt":{"rendered":"<p>Einblicke ins Atelier &amp; neue Arbeiten \u2013 direkt in Ihr Postfach Erhalten Sie etwa 4\u00d7 pro Jahr pers\u00f6nliche Atelierpost: neue Gem\u00e4lde, Hintergr\u00fcnde zu aktuellen Arbeiten&hellip;<\/p>","protected":false},"author":1,"featured_media":0,"parent":0,"menu_order":0,"comment_status":"closed","ping_status":"closed","template":"","meta":{"footnotes":""},"class_list":["post-312","page","type-page","status-publish","hentry"],"yoast_head":"<!-- This site is optimized with the Yoast SEO plugin v27.4 - https:\/\/yoast.com\/product\/yoast-seo-wordpress\/ -->\n<title>Bj\u00f6rn Wirtz \u2013 Atelierpost zu Malerei &amp; Ausstellungen<\/title>\n<meta name=\"description\" content=\"Atelierpost von Bj\u00f6rn Wirtz: Einblicke in neue Gem\u00e4lde, Malerei-Projekte und exklusive Ausstellungsinfos direkt ins Postfach.\" \/>\n<meta name=\"robots\" content=\"index, follow, max-snippet:-1, max-image-preview:large, max-video-preview:-1\" \/>\n<link rel=\"canonical\" href=\"https:\/\/bjoernwirtz.com\/en\/studiomail\/\" \/>\n<meta property=\"og:locale\" content=\"en_US\" \/>\n<meta property=\"og:type\" content=\"article\" \/>\n<meta property=\"og:title\" content=\"Bj\u00f6rn Wirtz \u2013 Atelierpost zu Malerei &amp; Ausstellungen\" \/>\n<meta property=\"og:description\" content=\"Atelierpost von Bj\u00f6rn Wirtz: Einblicke in neue Gem\u00e4lde, Malerei-Projekte und exklusive Ausstellungsinfos direkt ins Postfach.\" \/>\n<meta property=\"og:url\" content=\"https:\/\/bjoernwirtz.com\/en\/studiomail\/\" \/>\n<meta property=\"og:site_name\" content=\"Bj\u00f6rn Wirtz Fine Art\" \/>\n<meta property=\"article:publisher\" content=\"https:\/\/www.facebook.com\/BjoernWirtzArt\" \/>\n<meta property=\"article:modified_time\" content=\"2026-02-12T10:38:48+00:00\" \/>\n<meta property=\"og:image\" content=\"https:\/\/bjoernwirtz.com\/wp-content\/uploads\/IMG_20200522_164944-5.jpg\" \/>\n\t<meta property=\"og:image:width\" content=\"2000\" \/>\n\t<meta property=\"og:image:height\" content=\"630\" \/>\n\t<meta property=\"og:image:type\" content=\"image\/jpeg\" \/>\n<meta name=\"twitter:card\" content=\"summary_large_image\" \/>\n<meta name=\"twitter:label1\" content=\"Est. reading time\" \/>\n\t<meta name=\"twitter:data1\" content=\"1 minute\" \/>\n<script type=\"application\/ld+json\" class=\"yoast-schema-graph\">{\"@context\":\"https:\\\/\\\/schema.org\",\"@graph\":[{\"@type\":\"WebPage\",\"@id\":\"https:\\\/\\\/bjoernwirtz.com\\\/atelierpost\\\/\",\"url\":\"https:\\\/\\\/bjoernwirtz.com\\\/atelierpost\\\/\",\"name\":\"Bj\u00f6rn Wirtz \u2013 Atelierpost zu Malerei & Ausstellungen\",\"isPartOf\":{\"@id\":\"https:\\\/\\\/bjoernwirtz.com\\\/#website\"},\"primaryImageOfPage\":{\"@id\":\"https:\\\/\\\/bjoernwirtz.com\\\/atelierpost\\\/#primaryimage\"},\"image\":{\"@id\":\"https:\\\/\\\/bjoernwirtz.com\\\/atelierpost\\\/#primaryimage\"},\"thumbnailUrl\":\"https:\\\/\\\/bjoernwirtz.com\\\/wp-content\\\/uploads\\\/IMG_20200522_164944-5-1024x323.jpg\",\"datePublished\":\"2021-03-29T10:09:37+00:00\",\"dateModified\":\"2026-02-12T10:38:48+00:00\",\"description\":\"Atelierpost von Bj\u00f6rn Wirtz: Einblicke in neue Gem\u00e4lde, Malerei-Projekte und exklusive Ausstellungsinfos direkt ins Postfach.\",\"breadcrumb\":{\"@id\":\"https:\\\/\\\/bjoernwirtz.com\\\/atelierpost\\\/#breadcrumb\"},\"inLanguage\":\"en-US\",\"potentialAction\":[{\"@type\":\"ReadAction\",\"target\":[\"https:\\\/\\\/bjoernwirtz.com\\\/atelierpost\\\/\"]}]},{\"@type\":\"ImageObject\",\"inLanguage\":\"en-US\",\"@id\":\"https:\\\/\\\/bjoernwirtz.com\\\/atelierpost\\\/#primaryimage\",\"url\":\"https:\\\/\\\/bjoernwirtz.com\\\/wp-content\\\/uploads\\\/IMG_20200522_164944-5-1024x323.jpg\",\"contentUrl\":\"https:\\\/\\\/bjoernwirtz.com\\\/wp-content\\\/uploads\\\/IMG_20200522_164944-5-1024x323.jpg\"},{\"@type\":\"BreadcrumbList\",\"@id\":\"https:\\\/\\\/bjoernwirtz.com\\\/atelierpost\\\/#breadcrumb\",\"itemListElement\":[{\"@type\":\"ListItem\",\"position\":1,\"name\":\"Home\",\"item\":\"https:\\\/\\\/bjoernwirtz.com\\\/\"},{\"@type\":\"ListItem\",\"position\":2,\"name\":\"Bj\u00f6rn Wirtz \u2013 Atelierpost\"}]},{\"@type\":\"WebSite\",\"@id\":\"https:\\\/\\\/bjoernwirtz.com\\\/#website\",\"url\":\"https:\\\/\\\/bjoernwirtz.com\\\/\",\"name\":\"Bj\u00f6rn Wirtz Fine Art\",\"description\":\"Representational Paintings \\\/ Plein Air, Landscape, Still Life\",\"publisher\":{\"@id\":\"https:\\\/\\\/bjoernwirtz.com\\\/#organization\"},\"potentialAction\":[{\"@type\":\"SearchAction\",\"target\":{\"@type\":\"EntryPoint\",\"urlTemplate\":\"https:\\\/\\\/bjoernwirtz.com\\\/?s={search_term_string}\"},\"query-input\":{\"@type\":\"PropertyValueSpecification\",\"valueRequired\":true,\"valueName\":\"search_term_string\"}}],\"inLanguage\":\"en-US\"},{\"@type\":\"Organization\",\"@id\":\"https:\\\/\\\/bjoernwirtz.com\\\/#organization\",\"name\":\"Bj\u00f6rn Wirtz\",\"url\":\"https:\\\/\\\/bjoernwirtz.com\\\/\",\"logo\":{\"@type\":\"ImageObject\",\"inLanguage\":\"en-US\",\"@id\":\"https:\\\/\\\/bjoernwirtz.com\\\/#\\\/schema\\\/logo\\\/image\\\/\",\"url\":\"https:\\\/\\\/bjoernwirtz.com\\\/wp-content\\\/uploads\\\/2021\\\/03\\\/Wirtz_Logo_03.png\",\"contentUrl\":\"https:\\\/\\\/bjoernwirtz.com\\\/wp-content\\\/uploads\\\/2021\\\/03\\\/Wirtz_Logo_03.png\",\"width\":600,\"height\":176,\"caption\":\"Bj\u00f6rn Wirtz\"},\"image\":{\"@id\":\"https:\\\/\\\/bjoernwirtz.com\\\/#\\\/schema\\\/logo\\\/image\\\/\"},\"sameAs\":[\"https:\\\/\\\/www.facebook.com\\\/BjoernWirtzArt\",\"https:\\\/\\\/www.instagram.com\\\/bjoernwirtzart\\\/\"]}]}<\/script>\n<!-- \/ Yoast SEO plugin. -->","yoast_head_json":{"title":"Bj\u00f6rn Wirtz - Studio post on painting &amp; exhibitions","description":"Studio mail from Bj\u00f6rn Wirtz: insights into new paintings, painting projects and exclusive exhibition information straight to your inbox.","robots":{"index":"index","follow":"follow","max-snippet":"max-snippet:-1","max-image-preview":"max-image-preview:large","max-video-preview":"max-video-preview:-1"},"canonical":"https:\/\/bjoernwirtz.com\/en\/studiomail\/","og_locale":"en_US","og_type":"article","og_title":"Bj\u00f6rn Wirtz \u2013 Atelierpost zu Malerei & Ausstellungen","og_description":"Atelierpost von Bj\u00f6rn Wirtz: Einblicke in neue Gem\u00e4lde, Malerei-Projekte und exklusive Ausstellungsinfos direkt ins Postfach.","og_url":"https:\/\/bjoernwirtz.com\/en\/studiomail\/","og_site_name":"Bj\u00f6rn Wirtz Fine Art","article_publisher":"https:\/\/www.facebook.com\/BjoernWirtzArt","article_modified_time":"2026-02-12T10:38:48+00:00","og_image":[{"width":2000,"height":630,"url":"https:\/\/bjoernwirtz.com\/wp-content\/uploads\/IMG_20200522_164944-5.jpg","type":"image\/jpeg"}],"twitter_card":"summary_large_image","twitter_misc":{"Est. reading time":"1 minute"},"schema":{"@context":"https:\/\/schema.org","@graph":[{"@type":"WebPage","@id":"https:\/\/bjoernwirtz.com\/atelierpost\/","url":"https:\/\/bjoernwirtz.com\/atelierpost\/","name":"Bj\u00f6rn Wirtz - Studio post on painting &amp; exhibitions","isPartOf":{"@id":"https:\/\/bjoernwirtz.com\/#website"},"primaryImageOfPage":{"@id":"https:\/\/bjoernwirtz.com\/atelierpost\/#primaryimage"},"image":{"@id":"https:\/\/bjoernwirtz.com\/atelierpost\/#primaryimage"},"thumbnailUrl":"https:\/\/bjoernwirtz.com\/wp-content\/uploads\/IMG_20200522_164944-5-1024x323.jpg","datePublished":"2021-03-29T10:09:37+00:00","dateModified":"2026-02-12T10:38:48+00:00","description":"Studio mail from Bj\u00f6rn Wirtz: insights into new paintings, painting projects and exclusive exhibition information straight to your inbox.","breadcrumb":{"@id":"https:\/\/bjoernwirtz.com\/atelierpost\/#breadcrumb"},"inLanguage":"en-US","potentialAction":[{"@type":"ReadAction","target":["https:\/\/bjoernwirtz.com\/atelierpost\/"]}]},{"@type":"ImageObject","inLanguage":"en-US","@id":"https:\/\/bjoernwirtz.com\/atelierpost\/#primaryimage","url":"https:\/\/bjoernwirtz.com\/wp-content\/uploads\/IMG_20200522_164944-5-1024x323.jpg","contentUrl":"https:\/\/bjoernwirtz.com\/wp-content\/uploads\/IMG_20200522_164944-5-1024x323.jpg"},{"@type":"BreadcrumbList","@id":"https:\/\/bjoernwirtz.com\/atelierpost\/#breadcrumb","itemListElement":[{"@type":"ListItem","position":1,"name":"Home","item":"https:\/\/bjoernwirtz.com\/"},{"@type":"ListItem","position":2,"name":"Bj\u00f6rn Wirtz \u2013 Atelierpost"}]},{"@type":"WebSite","@id":"https:\/\/bjoernwirtz.com\/#website","url":"https:\/\/bjoernwirtz.com\/","name":"Bj\u00f6rn Wirtz Fine Art","description":"Representational Paintings \/ Plein Air, Landscape, Still Life","publisher":{"@id":"https:\/\/bjoernwirtz.com\/#organization"},"potentialAction":[{"@type":"SearchAction","target":{"@type":"EntryPoint","urlTemplate":"https:\/\/bjoernwirtz.com\/?s={search_term_string}"},"query-input":{"@type":"PropertyValueSpecification","valueRequired":true,"valueName":"search_term_string"}}],"inLanguage":"en-US"},{"@type":"Organization","@id":"https:\/\/bjoernwirtz.com\/#organization","name":"Bj\u00f6rn Wirtz","url":"https:\/\/bjoernwirtz.com\/","logo":{"@type":"ImageObject","inLanguage":"en-US","@id":"https:\/\/bjoernwirtz.com\/#\/schema\/logo\/image\/","url":"https:\/\/bjoernwirtz.com\/wp-content\/uploads\/2021\/03\/Wirtz_Logo_03.png","contentUrl":"https:\/\/bjoernwirtz.com\/wp-content\/uploads\/2021\/03\/Wirtz_Logo_03.png","width":600,"height":176,"caption":"Bj\u00f6rn Wirtz"},"image":{"@id":"https:\/\/bjoernwirtz.com\/#\/schema\/logo\/image\/"},"sameAs":["https:\/\/www.facebook.com\/BjoernWirtzArt","https:\/\/www.instagram.com\/bjoernwirtzart\/"]}]}},"_links":{"self":[{"href":"https:\/\/bjoernwirtz.com\/en\/wp-json\/wp\/v2\/pages\/312","targetHints":{"allow":["GET"]}}],"collection":[{"href":"https:\/\/bjoernwirtz.com\/en\/wp-json\/wp\/v2\/pages"}],"about":[{"href":"https:\/\/bjoernwirtz.com\/en\/wp-json\/wp\/v2\/types\/page"}],"author":[{"embeddable":true,"href":"https:\/\/bjoernwirtz.com\/en\/wp-json\/wp\/v2\/users\/1"}],"replies":[{"embeddable":true,"href":"https:\/\/bjoernwirtz.com\/en\/wp-json\/wp\/v2\/comments?post=312"}],"version-history":[{"count":48,"href":"https:\/\/bjoernwirtz.com\/en\/wp-json\/wp\/v2\/pages\/312\/revisions"}],"predecessor-version":[{"id":3668,"href":"https:\/\/bjoernwirtz.com\/en\/wp-json\/wp\/v2\/pages\/312\/revisions\/3668"}],"wp:attachment":[{"href":"https:\/\/bjoernwirtz.com\/en\/wp-json\/wp\/v2\/media?parent=312"}],"curies":[{"name":"wp","href":"https:\/\/api.w.org\/{rel}","templated":true}]}}